{"id":9659,"date":"2023-08-11T13:30:04","date_gmt":"2023-08-11T20:30:04","guid":{"rendered":"https:\/\/tudisenodecoracion.com\/tudecoraciontienda\/?post_type=product&#038;p=9659"},"modified":"2023-08-11T13:32:22","modified_gmt":"2023-08-11T20:32:22","slug":"cojin-monique-azul","status":"publish","type":"product","link":"https:\/\/tudisenodecoracion.com\/tudecoraciontienda\/producto\/cojin-monique-azul\/","title":{"rendered":"Coj\u00edn Monique Azul"},"content":{"rendered":"<p style=\"text-align: center\">Mejore sus acentos en casa con la emoci\u00f3n reservada de esta almohada. Los puntos verde azulado decoran un fondo blanco, equilibrando un dise\u00f1o audaz con una construcci\u00f3n cl\u00e1sica. Combinando un aspecto\u00a0elegante con la suavidad de felpa que anhelas, esta almohada es una adici\u00f3n acogedora a tu espacio contempor\u00e1neo.<\/p>\n<p style=\"text-align: center\"><span style=\"font-weight: 400\">Disfruta este y m\u00e1s productos en nuestra p\u00e1gina, puedes inspirar<\/span><a href=\"https:\/\/pin.it\/1d5N3K9\"> <span style=\"font-weight: 400\">Tu Decoraci\u00f3n con nuestro Pinterest!<\/span><\/a><\/p>\n<p style=\"text-align: center\"><span style=\"font-weight: 400\">Visita nuestro sitio web: <\/span><span style=\"font-weight: 400\">\u00a0<\/span><a href=\"https:\/\/tudisenodecoracion.com\/\"><span style=\"font-weight: 400\">tudisenodecoracion.com<\/span><\/a><\/p>\n<p style=\"text-align: center\">\n","protected":false},"excerpt":{"rendered":"<div class=\"textproduct\">\n<ul>\n<li><i class=\"icon ion-android-checkmark-circle\"><\/i>Hecho de algod\u00f3n y Polyfill suave.<\/li>\n<li><i class=\"icon ion-android-checkmark-circle\"><\/i>Reverso s\u00f3lido en blanco y lavable a m\u00e1quina.<\/li>\n<li><i class=\"icon ion-android-checkmark-circle\"><\/i>Colores con blanco y verde.<\/li>\n<li><i class=\"icon ion-android-checkmark-circle\"><\/i>Altura: 50.8 cm.<\/li>\n<li><i class=\"icon ion-android-checkmark-circle\"><\/i>Longitud: 12.7 cm.<\/li>\n<li><i class=\"icon ion-android-checkmark-circle\"><\/i>Anchura: 50.8 cm.<\/li>\n<\/ul>\n<\/div>\n","protected":false},"featured_media":9660,"template":"","meta":[],"product_brand":[],"product_cat":[30,35,34,36],"product_tag":[],"class_list":{"0":"post-9659","1":"product","2":"type-product","3":"status-publish","4":"has-post-thumbnail","6":"product_cat-accesorios","7":"product_cat-cojines","8":"product_cat-textiles","9":"product_cat-todo-textiles","10":"product_shipping_class-mueble","11":"entry","12":"has-media","14":"first","15":"instock","16":"taxable","17":"shipping-taxable","18":"purchasable","19":"product-type-simple","20":"col","21":"span_1_of_4","22":"wvn-content-center","23":"wvn-thumbs-layout-horizontal","24":"wvn-btn-normal","25":"wvn-tabs-layout-horizontal"},"yoast_head":"<!-- This site is optimized with the Yoast SEO plugin v27.1.1 - https:\/\/yoast.com\/product\/yoast-seo-wordpress\/ -->\n<title>Coj\u00edn Monique Azul - Tu Dise\u00f1o Decoraci\u00f3n<\/title>\n<meta name=\"robots\" content=\"index, follow, max-snippet:-1, max-image-preview:large, max-video-preview:-1\" \/>\n<link rel=\"canonical\" href=\"https:\/\/tudisenodecoracion.com\/tudecoraciontienda\/producto\/cojin-monique-azul\/\" \/>\n<meta property=\"og:locale\" content=\"es_MX\" \/>\n<meta property=\"og:type\" content=\"article\" \/>\n<meta property=\"og:title\" content=\"Coj\u00edn Monique Azul - Tu Dise\u00f1o Decoraci\u00f3n\" \/>\n<meta property=\"og:description\" content=\"Hecho de algod\u00f3n y Polyfill suave.  Reverso s\u00f3lido en blanco y lavable a m\u00e1quina.  Colores con blanco y verde.  Altura: 50.8 cm.  Longitud: 12.7 cm.  Anchura: 50.8 cm.\" \/>\n<meta property=\"og:url\" content=\"https:\/\/tudisenodecoracion.com\/tudecoraciontienda\/producto\/cojin-monique-azul\/\" \/>\n<meta property=\"og:site_name\" content=\"Tu Dise\u00f1o Decoraci\u00f3n\" \/>\n<meta property=\"article:modified_time\" content=\"2023-08-11T20:32:22+00:00\" \/>\n<meta property=\"og:image\" content=\"https:\/\/tudisenodecoracion.com\/tudecoraciontienda\/wp-content\/uploads\/2023\/08\/A1000939.png\" \/>\n\t<meta property=\"og:image:width\" content=\"800\" \/>\n\t<meta property=\"og:image:height\" content=\"800\" \/>\n\t<meta property=\"og:image:type\" content=\"image\/png\" \/>\n<meta name=\"twitter:card\" content=\"summary_large_image\" \/>\n<meta name=\"twitter:label1\" content=\"Tiempo de lectura\" \/>\n\t<meta name=\"twitter:data1\" content=\"1 minuto\" \/>\n<script type=\"application\/ld+json\" class=\"yoast-schema-graph\">{\"@context\":\"https:\/\/schema.org\",\"@graph\":[{\"@type\":\"WebPage\",\"@id\":\"https:\/\/tudisenodecoracion.com\/tudecoraciontienda\/producto\/cojin-monique-azul\/\",\"url\":\"https:\/\/tudisenodecoracion.com\/tudecoraciontienda\/producto\/cojin-monique-azul\/\",\"name\":\"Coj\u00edn Monique Azul - Tu Dise\u00f1o Decoraci\u00f3n\",\"isPartOf\":{\"@id\":\"https:\/\/tudisenodecoracion.com\/tudecoraciontienda\/#website\"},\"primaryImageOfPage\":{\"@id\":\"https:\/\/tudisenodecoracion.com\/tudecoraciontienda\/producto\/cojin-monique-azul\/#primaryimage\"},\"image\":{\"@id\":\"https:\/\/tudisenodecoracion.com\/tudecoraciontienda\/producto\/cojin-monique-azul\/#primaryimage\"},\"thumbnailUrl\":\"https:\/\/tudisenodecoracion.com\/tudecoraciontienda\/wp-content\/uploads\/2023\/08\/A1000939.png\",\"datePublished\":\"2023-08-11T20:30:04+00:00\",\"dateModified\":\"2023-08-11T20:32:22+00:00\",\"breadcrumb\":{\"@id\":\"https:\/\/tudisenodecoracion.com\/tudecoraciontienda\/producto\/cojin-monique-azul\/#breadcrumb\"},\"inLanguage\":\"es\",\"potentialAction\":[{\"@type\":\"ReadAction\",\"target\":[\"https:\/\/tudisenodecoracion.com\/tudecoraciontienda\/producto\/cojin-monique-azul\/\"]}]},{\"@type\":\"ImageObject\",\"inLanguage\":\"es\",\"@id\":\"https:\/\/tudisenodecoracion.com\/tudecoraciontienda\/producto\/cojin-monique-azul\/#primaryimage\",\"url\":\"https:\/\/tudisenodecoracion.com\/tudecoraciontienda\/wp-content\/uploads\/2023\/08\/A1000939.png\",\"contentUrl\":\"https:\/\/tudisenodecoracion.com\/tudecoraciontienda\/wp-content\/uploads\/2023\/08\/A1000939.png\",\"width\":800,\"height\":800},{\"@type\":\"BreadcrumbList\",\"@id\":\"https:\/\/tudisenodecoracion.com\/tudecoraciontienda\/producto\/cojin-monique-azul\/#breadcrumb\",\"itemListElement\":[{\"@type\":\"ListItem\",\"position\":1,\"name\":\"Inicio\",\"item\":\"https:\/\/tudisenodecoracion.com\/tudecoraciontienda\/\"},{\"@type\":\"ListItem\",\"position\":2,\"name\":\"Tienda\",\"item\":\"https:\/\/tudisenodecoracion.com\/tudecoraciontienda\/tienda\/\"},{\"@type\":\"ListItem\",\"position\":3,\"name\":\"Coj\u00edn Monique Azul\"}]},{\"@type\":\"WebSite\",\"@id\":\"https:\/\/tudisenodecoracion.com\/tudecoraciontienda\/#website\",\"url\":\"https:\/\/tudisenodecoracion.com\/tudecoraciontienda\/\",\"name\":\"Tu Dise\u00f1o Decoraci\u00f3n\",\"description\":\"Creamos espacios MUY T\u00da.\",\"publisher\":{\"@id\":\"https:\/\/tudisenodecoracion.com\/tudecoraciontienda\/#organization\"},\"potentialAction\":[{\"@type\":\"SearchAction\",\"target\":{\"@type\":\"EntryPoint\",\"urlTemplate\":\"https:\/\/tudisenodecoracion.com\/tudecoraciontienda\/?s={search_term_string}\"},\"query-input\":{\"@type\":\"PropertyValueSpecification\",\"valueRequired\":true,\"valueName\":\"search_term_string\"}}],\"inLanguage\":\"es\"},{\"@type\":\"Organization\",\"@id\":\"https:\/\/tudisenodecoracion.com\/tudecoraciontienda\/#organization\",\"name\":\"Tu Dise\u00f1o Decoraci\u00f3n\",\"url\":\"https:\/\/tudisenodecoracion.com\/tudecoraciontienda\/\",\"logo\":{\"@type\":\"ImageObject\",\"inLanguage\":\"es\",\"@id\":\"https:\/\/tudisenodecoracion.com\/tudecoraciontienda\/#\/schema\/logo\/image\/\",\"url\":\"https:\/\/tudisenodecoracion.com\/tudecoraciontienda\/wp-content\/uploads\/2024\/07\/Logo_TU.color_.png\",\"contentUrl\":\"https:\/\/tudisenodecoracion.com\/tudecoraciontienda\/wp-content\/uploads\/2024\/07\/Logo_TU.color_.png\",\"width\":1991,\"height\":1991,\"caption\":\"Tu Dise\u00f1o Decoraci\u00f3n\"},\"image\":{\"@id\":\"https:\/\/tudisenodecoracion.com\/tudecoraciontienda\/#\/schema\/logo\/image\/\"}}]}<\/script>\n<!-- \/ Yoast SEO plugin. -->","yoast_head_json":{"title":"Coj\u00edn Monique Azul - Tu Dise\u00f1o Decoraci\u00f3n","robots":{"index":"index","follow":"follow","max-snippet":"max-snippet:-1","max-image-preview":"max-image-preview:large","max-video-preview":"max-video-preview:-1"},"canonical":"https:\/\/tudisenodecoracion.com\/tudecoraciontienda\/producto\/cojin-monique-azul\/","og_locale":"es_MX","og_type":"article","og_title":"Coj\u00edn Monique Azul - Tu Dise\u00f1o Decoraci\u00f3n","og_description":"Hecho de algod\u00f3n y Polyfill suave.  Reverso s\u00f3lido en blanco y lavable a m\u00e1quina.  Colores con blanco y verde.  Altura: 50.8 cm.  Longitud: 12.7 cm.  Anchura: 50.8 cm.","og_url":"https:\/\/tudisenodecoracion.com\/tudecoraciontienda\/producto\/cojin-monique-azul\/","og_site_name":"Tu Dise\u00f1o Decoraci\u00f3n","article_modified_time":"2023-08-11T20:32:22+00:00","og_image":[{"width":800,"height":800,"url":"https:\/\/tudisenodecoracion.com\/tudecoraciontienda\/wp-content\/uploads\/2023\/08\/A1000939.png","type":"image\/png"}],"twitter_card":"summary_large_image","twitter_misc":{"Tiempo de lectura":"1 minuto"},"schema":{"@context":"https:\/\/schema.org","@graph":[{"@type":"WebPage","@id":"https:\/\/tudisenodecoracion.com\/tudecoraciontienda\/producto\/cojin-monique-azul\/","url":"https:\/\/tudisenodecoracion.com\/tudecoraciontienda\/producto\/cojin-monique-azul\/","name":"Coj\u00edn Monique Azul - Tu Dise\u00f1o Decoraci\u00f3n","isPartOf":{"@id":"https:\/\/tudisenodecoracion.com\/tudecoraciontienda\/#website"},"primaryImageOfPage":{"@id":"https:\/\/tudisenodecoracion.com\/tudecoraciontienda\/producto\/cojin-monique-azul\/#primaryimage"},"image":{"@id":"https:\/\/tudisenodecoracion.com\/tudecoraciontienda\/producto\/cojin-monique-azul\/#primaryimage"},"thumbnailUrl":"https:\/\/tudisenodecoracion.com\/tudecoraciontienda\/wp-content\/uploads\/2023\/08\/A1000939.png","datePublished":"2023-08-11T20:30:04+00:00","dateModified":"2023-08-11T20:32:22+00:00","breadcrumb":{"@id":"https:\/\/tudisenodecoracion.com\/tudecoraciontienda\/producto\/cojin-monique-azul\/#breadcrumb"},"inLanguage":"es","potentialAction":[{"@type":"ReadAction","target":["https:\/\/tudisenodecoracion.com\/tudecoraciontienda\/producto\/cojin-monique-azul\/"]}]},{"@type":"ImageObject","inLanguage":"es","@id":"https:\/\/tudisenodecoracion.com\/tudecoraciontienda\/producto\/cojin-monique-azul\/#primaryimage","url":"https:\/\/tudisenodecoracion.com\/tudecoraciontienda\/wp-content\/uploads\/2023\/08\/A1000939.png","contentUrl":"https:\/\/tudisenodecoracion.com\/tudecoraciontienda\/wp-content\/uploads\/2023\/08\/A1000939.png","width":800,"height":800},{"@type":"BreadcrumbList","@id":"https:\/\/tudisenodecoracion.com\/tudecoraciontienda\/producto\/cojin-monique-azul\/#breadcrumb","itemListElement":[{"@type":"ListItem","position":1,"name":"Inicio","item":"https:\/\/tudisenodecoracion.com\/tudecoraciontienda\/"},{"@type":"ListItem","position":2,"name":"Tienda","item":"https:\/\/tudisenodecoracion.com\/tudecoraciontienda\/tienda\/"},{"@type":"ListItem","position":3,"name":"Coj\u00edn Monique Azul"}]},{"@type":"WebSite","@id":"https:\/\/tudisenodecoracion.com\/tudecoraciontienda\/#website","url":"https:\/\/tudisenodecoracion.com\/tudecoraciontienda\/","name":"Tu Dise\u00f1o Decoraci\u00f3n","description":"Creamos espacios MUY T\u00da.","publisher":{"@id":"https:\/\/tudisenodecoracion.com\/tudecoraciontienda\/#organization"},"potentialAction":[{"@type":"SearchAction","target":{"@type":"EntryPoint","urlTemplate":"https:\/\/tudisenodecoracion.com\/tudecoraciontienda\/?s={search_term_string}"},"query-input":{"@type":"PropertyValueSpecification","valueRequired":true,"valueName":"search_term_string"}}],"inLanguage":"es"},{"@type":"Organization","@id":"https:\/\/tudisenodecoracion.com\/tudecoraciontienda\/#organization","name":"Tu Dise\u00f1o Decoraci\u00f3n","url":"https:\/\/tudisenodecoracion.com\/tudecoraciontienda\/","logo":{"@type":"ImageObject","inLanguage":"es","@id":"https:\/\/tudisenodecoracion.com\/tudecoraciontienda\/#\/schema\/logo\/image\/","url":"https:\/\/tudisenodecoracion.com\/tudecoraciontienda\/wp-content\/uploads\/2024\/07\/Logo_TU.color_.png","contentUrl":"https:\/\/tudisenodecoracion.com\/tudecoraciontienda\/wp-content\/uploads\/2024\/07\/Logo_TU.color_.png","width":1991,"height":1991,"caption":"Tu Dise\u00f1o Decoraci\u00f3n"},"image":{"@id":"https:\/\/tudisenodecoracion.com\/tudecoraciontienda\/#\/schema\/logo\/image\/"}}]}},"_links":{"self":[{"href":"https:\/\/tudisenodecoracion.com\/tudecoraciontienda\/wp-json\/wp\/v2\/product\/9659","targetHints":{"allow":["GET"]}}],"collection":[{"href":"https:\/\/tudisenodecoracion.com\/tudecoraciontienda\/wp-json\/wp\/v2\/product"}],"about":[{"href":"https:\/\/tudisenodecoracion.com\/tudecoraciontienda\/wp-json\/wp\/v2\/types\/product"}],"version-history":[{"count":3,"href":"https:\/\/tudisenodecoracion.com\/tudecoraciontienda\/wp-json\/wp\/v2\/product\/9659\/revisions"}],"predecessor-version":[{"id":9701,"href":"https:\/\/tudisenodecoracion.com\/tudecoraciontienda\/wp-json\/wp\/v2\/product\/9659\/revisions\/9701"}],"wp:featuredmedia":[{"embeddable":true,"href":"https:\/\/tudisenodecoracion.com\/tudecoraciontienda\/wp-json\/wp\/v2\/media\/9660"}],"wp:attachment":[{"href":"https:\/\/tudisenodecoracion.com\/tudecoraciontienda\/wp-json\/wp\/v2\/media?parent=9659"}],"wp:term":[{"taxonomy":"product_brand","embeddable":true,"href":"https:\/\/tudisenodecoracion.com\/tudecoraciontienda\/wp-json\/wp\/v2\/product_brand?post=9659"},{"taxonomy":"product_cat","embeddable":true,"href":"https:\/\/tudisenodecoracion.com\/tudecoraciontienda\/wp-json\/wp\/v2\/product_cat?post=9659"},{"taxonomy":"product_tag","embeddable":true,"href":"https:\/\/tudisenodecoracion.com\/tudecoraciontienda\/wp-json\/wp\/v2\/product_tag?post=9659"}],"curies":[{"name":"wp","href":"https:\/\/api.w.org\/{rel}","templated":true}]}}