{"id":8713,"date":"2023-02-02T16:57:29","date_gmt":"2023-02-02T23:57:29","guid":{"rendered":"https:\/\/tudisenodecoracion.com\/tudecoraciontienda\/?post_type=product&#038;p=8713"},"modified":"2023-02-02T16:57:30","modified_gmt":"2023-02-02T23:57:30","slug":"esculturas-alas","status":"publish","type":"product","link":"https:\/\/tudisenodecoracion.com\/tudecoraciontienda\/producto\/esculturas-alas\/","title":{"rendered":"Esculturas alas"},"content":{"rendered":"<p style=\"text-align: center;\">Dale a tus sue\u00f1os decorativos espacio para volar con este par de esculturas alas.<br \/>\nEste elegante conjunto de esculturas a\u00f1ade un elevado sentido del estilo a tu espacio, tanto si son el punto focal de tu vi\u00f1eta como si son simplemente piezas de apoyo.<\/p>\n<p>Disfruta este y m\u00e1s productos en nuestra pagina, puedes inspirar <a href=\"https:\/\/pin.it\/1d5N3K9\" target=\"_blank\" rel=\"noopener\">Tu Decoraci\u00f3n con nuestro Pinterest!<\/a><\/p>\n<p><span style=\"color: #ffffff;\"><a style=\"color: #ffffff;\" href=\"https:\/\/tudisenodecoracion.com\/\">tudisenodecoracion.com<\/a><\/span><\/p>\n","protected":false},"excerpt":{"rendered":"<div class=\"textproduct\">\n<ul>\n<li><i class=\"icon ion-android-checkmark-circle\"><\/i>Elaborado con madera y hierro..<\/li>\n<li><i class=\"icon ion-android-checkmark-circle\"><\/i>Acabado blanco con bordado verde.<\/li>\n<\/ul>\n<\/div>\n","protected":false},"featured_media":8714,"template":"","meta":[],"product_brand":[],"product_cat":[41,42],"product_tag":[624],"class_list":{"0":"post-8713","1":"product","2":"type-product","3":"status-publish","4":"has-post-thumbnail","6":"product_cat-accesorios-decorativos","7":"product_cat-esculturas","8":"product_tag-estilo-casual","9":"product_shipping_class-accesorios","10":"entry","11":"has-media","13":"first","14":"instock","15":"taxable","16":"shipping-taxable","17":"purchasable","18":"product-type-simple","19":"col","20":"span_1_of_4","21":"wvn-content-center","22":"wvn-thumbs-layout-horizontal","23":"wvn-btn-normal","24":"wvn-tabs-layout-horizontal"},"yoast_head":"<!-- This site is optimized with the Yoast SEO plugin v27.1.1 - https:\/\/yoast.com\/product\/yoast-seo-wordpress\/ -->\n<title>Esculturas alas - Tu Dise\u00f1o Decoraci\u00f3n<\/title>\n<meta name=\"description\" content=\"Esculturas alas elaborado con madera y hierro. Este y m\u00e1s productos para mejorar Tu espacio con Tu estilo en nuestra tienda online.\" \/>\n<meta name=\"robots\" content=\"index, follow, max-snippet:-1, max-image-preview:large, max-video-preview:-1\" \/>\n<link rel=\"canonical\" href=\"https:\/\/tudisenodecoracion.com\/tudecoraciontienda\/producto\/esculturas-alas\/\" \/>\n<meta property=\"og:locale\" content=\"es_MX\" \/>\n<meta property=\"og:type\" content=\"article\" \/>\n<meta property=\"og:title\" content=\"Esculturas alas - Tu Dise\u00f1o Decoraci\u00f3n\" \/>\n<meta property=\"og:description\" content=\"Esculturas alas elaborado con madera y hierro. Este y m\u00e1s productos para mejorar Tu espacio con Tu estilo en nuestra tienda online.\" \/>\n<meta property=\"og:url\" content=\"https:\/\/tudisenodecoracion.com\/tudecoraciontienda\/producto\/esculturas-alas\/\" \/>\n<meta property=\"og:site_name\" content=\"Tu Dise\u00f1o Decoraci\u00f3n\" \/>\n<meta property=\"article:modified_time\" content=\"2023-02-02T23:57:30+00:00\" \/>\n<meta property=\"og:image\" content=\"https:\/\/tudisenodecoracion.com\/tudecoraciontienda\/wp-content\/uploads\/2023\/02\/ASH-A2000400.jpg\" \/>\n\t<meta property=\"og:image:width\" content=\"800\" \/>\n\t<meta property=\"og:image:height\" content=\"800\" \/>\n\t<meta property=\"og:image:type\" content=\"image\/jpeg\" \/>\n<meta name=\"twitter:card\" content=\"summary_large_image\" \/>\n<meta name=\"twitter:label1\" content=\"Tiempo de lectura\" \/>\n\t<meta name=\"twitter:data1\" content=\"1 minuto\" \/>\n<script type=\"application\/ld+json\" class=\"yoast-schema-graph\">{\"@context\":\"https:\/\/schema.org\",\"@graph\":[{\"@type\":\"WebPage\",\"@id\":\"https:\/\/tudisenodecoracion.com\/tudecoraciontienda\/producto\/esculturas-alas\/\",\"url\":\"https:\/\/tudisenodecoracion.com\/tudecoraciontienda\/producto\/esculturas-alas\/\",\"name\":\"Esculturas alas - Tu Dise\u00f1o Decoraci\u00f3n\",\"isPartOf\":{\"@id\":\"https:\/\/tudisenodecoracion.com\/tudecoraciontienda\/#website\"},\"primaryImageOfPage\":{\"@id\":\"https:\/\/tudisenodecoracion.com\/tudecoraciontienda\/producto\/esculturas-alas\/#primaryimage\"},\"image\":{\"@id\":\"https:\/\/tudisenodecoracion.com\/tudecoraciontienda\/producto\/esculturas-alas\/#primaryimage\"},\"thumbnailUrl\":\"https:\/\/tudisenodecoracion.com\/tudecoraciontienda\/wp-content\/uploads\/2023\/02\/ASH-A2000400.jpg\",\"datePublished\":\"2023-02-02T23:57:29+00:00\",\"dateModified\":\"2023-02-02T23:57:30+00:00\",\"description\":\"Esculturas alas elaborado con madera y hierro. Este y m\u00e1s productos para mejorar Tu espacio con Tu estilo en nuestra tienda online.\",\"breadcrumb\":{\"@id\":\"https:\/\/tudisenodecoracion.com\/tudecoraciontienda\/producto\/esculturas-alas\/#breadcrumb\"},\"inLanguage\":\"es\",\"potentialAction\":[{\"@type\":\"ReadAction\",\"target\":[\"https:\/\/tudisenodecoracion.com\/tudecoraciontienda\/producto\/esculturas-alas\/\"]}]},{\"@type\":\"ImageObject\",\"inLanguage\":\"es\",\"@id\":\"https:\/\/tudisenodecoracion.com\/tudecoraciontienda\/producto\/esculturas-alas\/#primaryimage\",\"url\":\"https:\/\/tudisenodecoracion.com\/tudecoraciontienda\/wp-content\/uploads\/2023\/02\/ASH-A2000400.jpg\",\"contentUrl\":\"https:\/\/tudisenodecoracion.com\/tudecoraciontienda\/wp-content\/uploads\/2023\/02\/ASH-A2000400.jpg\",\"width\":800,\"height\":800,\"caption\":\"esculturas-alas\"},{\"@type\":\"BreadcrumbList\",\"@id\":\"https:\/\/tudisenodecoracion.com\/tudecoraciontienda\/producto\/esculturas-alas\/#breadcrumb\",\"itemListElement\":[{\"@type\":\"ListItem\",\"position\":1,\"name\":\"Inicio\",\"item\":\"https:\/\/tudisenodecoracion.com\/tudecoraciontienda\/\"},{\"@type\":\"ListItem\",\"position\":2,\"name\":\"Tienda\",\"item\":\"https:\/\/tudisenodecoracion.com\/tudecoraciontienda\/tienda\/\"},{\"@type\":\"ListItem\",\"position\":3,\"name\":\"Esculturas alas\"}]},{\"@type\":\"WebSite\",\"@id\":\"https:\/\/tudisenodecoracion.com\/tudecoraciontienda\/#website\",\"url\":\"https:\/\/tudisenodecoracion.com\/tudecoraciontienda\/\",\"name\":\"Tu Dise\u00f1o Decoraci\u00f3n\",\"description\":\"Creamos espacios MUY T\u00da.\",\"publisher\":{\"@id\":\"https:\/\/tudisenodecoracion.com\/tudecoraciontienda\/#organization\"},\"potentialAction\":[{\"@type\":\"SearchAction\",\"target\":{\"@type\":\"EntryPoint\",\"urlTemplate\":\"https:\/\/tudisenodecoracion.com\/tudecoraciontienda\/?s={search_term_string}\"},\"query-input\":{\"@type\":\"PropertyValueSpecification\",\"valueRequired\":true,\"valueName\":\"search_term_string\"}}],\"inLanguage\":\"es\"},{\"@type\":\"Organization\",\"@id\":\"https:\/\/tudisenodecoracion.com\/tudecoraciontienda\/#organization\",\"name\":\"Tu Dise\u00f1o Decoraci\u00f3n\",\"url\":\"https:\/\/tudisenodecoracion.com\/tudecoraciontienda\/\",\"logo\":{\"@type\":\"ImageObject\",\"inLanguage\":\"es\",\"@id\":\"https:\/\/tudisenodecoracion.com\/tudecoraciontienda\/#\/schema\/logo\/image\/\",\"url\":\"https:\/\/tudisenodecoracion.com\/tudecoraciontienda\/wp-content\/uploads\/2024\/07\/Logo_TU.color_.png\",\"contentUrl\":\"https:\/\/tudisenodecoracion.com\/tudecoraciontienda\/wp-content\/uploads\/2024\/07\/Logo_TU.color_.png\",\"width\":1991,\"height\":1991,\"caption\":\"Tu Dise\u00f1o Decoraci\u00f3n\"},\"image\":{\"@id\":\"https:\/\/tudisenodecoracion.com\/tudecoraciontienda\/#\/schema\/logo\/image\/\"}}]}<\/script>\n<!-- \/ Yoast SEO plugin. -->","yoast_head_json":{"title":"Esculturas alas - Tu Dise\u00f1o Decoraci\u00f3n","description":"Esculturas alas elaborado con madera y hierro. Este y m\u00e1s productos para mejorar Tu espacio con Tu estilo en nuestra tienda online.","robots":{"index":"index","follow":"follow","max-snippet":"max-snippet:-1","max-image-preview":"max-image-preview:large","max-video-preview":"max-video-preview:-1"},"canonical":"https:\/\/tudisenodecoracion.com\/tudecoraciontienda\/producto\/esculturas-alas\/","og_locale":"es_MX","og_type":"article","og_title":"Esculturas alas - Tu Dise\u00f1o Decoraci\u00f3n","og_description":"Esculturas alas elaborado con madera y hierro. Este y m\u00e1s productos para mejorar Tu espacio con Tu estilo en nuestra tienda online.","og_url":"https:\/\/tudisenodecoracion.com\/tudecoraciontienda\/producto\/esculturas-alas\/","og_site_name":"Tu Dise\u00f1o Decoraci\u00f3n","article_modified_time":"2023-02-02T23:57:30+00:00","og_image":[{"width":800,"height":800,"url":"https:\/\/tudisenodecoracion.com\/tudecoraciontienda\/wp-content\/uploads\/2023\/02\/ASH-A2000400.jpg","type":"image\/jpeg"}],"twitter_card":"summary_large_image","twitter_misc":{"Tiempo de lectura":"1 minuto"},"schema":{"@context":"https:\/\/schema.org","@graph":[{"@type":"WebPage","@id":"https:\/\/tudisenodecoracion.com\/tudecoraciontienda\/producto\/esculturas-alas\/","url":"https:\/\/tudisenodecoracion.com\/tudecoraciontienda\/producto\/esculturas-alas\/","name":"Esculturas alas - Tu Dise\u00f1o Decoraci\u00f3n","isPartOf":{"@id":"https:\/\/tudisenodecoracion.com\/tudecoraciontienda\/#website"},"primaryImageOfPage":{"@id":"https:\/\/tudisenodecoracion.com\/tudecoraciontienda\/producto\/esculturas-alas\/#primaryimage"},"image":{"@id":"https:\/\/tudisenodecoracion.com\/tudecoraciontienda\/producto\/esculturas-alas\/#primaryimage"},"thumbnailUrl":"https:\/\/tudisenodecoracion.com\/tudecoraciontienda\/wp-content\/uploads\/2023\/02\/ASH-A2000400.jpg","datePublished":"2023-02-02T23:57:29+00:00","dateModified":"2023-02-02T23:57:30+00:00","description":"Esculturas alas elaborado con madera y hierro. Este y m\u00e1s productos para mejorar Tu espacio con Tu estilo en nuestra tienda online.","breadcrumb":{"@id":"https:\/\/tudisenodecoracion.com\/tudecoraciontienda\/producto\/esculturas-alas\/#breadcrumb"},"inLanguage":"es","potentialAction":[{"@type":"ReadAction","target":["https:\/\/tudisenodecoracion.com\/tudecoraciontienda\/producto\/esculturas-alas\/"]}]},{"@type":"ImageObject","inLanguage":"es","@id":"https:\/\/tudisenodecoracion.com\/tudecoraciontienda\/producto\/esculturas-alas\/#primaryimage","url":"https:\/\/tudisenodecoracion.com\/tudecoraciontienda\/wp-content\/uploads\/2023\/02\/ASH-A2000400.jpg","contentUrl":"https:\/\/tudisenodecoracion.com\/tudecoraciontienda\/wp-content\/uploads\/2023\/02\/ASH-A2000400.jpg","width":800,"height":800,"caption":"esculturas-alas"},{"@type":"BreadcrumbList","@id":"https:\/\/tudisenodecoracion.com\/tudecoraciontienda\/producto\/esculturas-alas\/#breadcrumb","itemListElement":[{"@type":"ListItem","position":1,"name":"Inicio","item":"https:\/\/tudisenodecoracion.com\/tudecoraciontienda\/"},{"@type":"ListItem","position":2,"name":"Tienda","item":"https:\/\/tudisenodecoracion.com\/tudecoraciontienda\/tienda\/"},{"@type":"ListItem","position":3,"name":"Esculturas alas"}]},{"@type":"WebSite","@id":"https:\/\/tudisenodecoracion.com\/tudecoraciontienda\/#website","url":"https:\/\/tudisenodecoracion.com\/tudecoraciontienda\/","name":"Tu Dise\u00f1o Decoraci\u00f3n","description":"Creamos espacios MUY T\u00da.","publisher":{"@id":"https:\/\/tudisenodecoracion.com\/tudecoraciontienda\/#organization"},"potentialAction":[{"@type":"SearchAction","target":{"@type":"EntryPoint","urlTemplate":"https:\/\/tudisenodecoracion.com\/tudecoraciontienda\/?s={search_term_string}"},"query-input":{"@type":"PropertyValueSpecification","valueRequired":true,"valueName":"search_term_string"}}],"inLanguage":"es"},{"@type":"Organization","@id":"https:\/\/tudisenodecoracion.com\/tudecoraciontienda\/#organization","name":"Tu Dise\u00f1o Decoraci\u00f3n","url":"https:\/\/tudisenodecoracion.com\/tudecoraciontienda\/","logo":{"@type":"ImageObject","inLanguage":"es","@id":"https:\/\/tudisenodecoracion.com\/tudecoraciontienda\/#\/schema\/logo\/image\/","url":"https:\/\/tudisenodecoracion.com\/tudecoraciontienda\/wp-content\/uploads\/2024\/07\/Logo_TU.color_.png","contentUrl":"https:\/\/tudisenodecoracion.com\/tudecoraciontienda\/wp-content\/uploads\/2024\/07\/Logo_TU.color_.png","width":1991,"height":1991,"caption":"Tu Dise\u00f1o Decoraci\u00f3n"},"image":{"@id":"https:\/\/tudisenodecoracion.com\/tudecoraciontienda\/#\/schema\/logo\/image\/"}}]}},"_links":{"self":[{"href":"https:\/\/tudisenodecoracion.com\/tudecoraciontienda\/wp-json\/wp\/v2\/product\/8713","targetHints":{"allow":["GET"]}}],"collection":[{"href":"https:\/\/tudisenodecoracion.com\/tudecoraciontienda\/wp-json\/wp\/v2\/product"}],"about":[{"href":"https:\/\/tudisenodecoracion.com\/tudecoraciontienda\/wp-json\/wp\/v2\/types\/product"}],"version-history":[{"count":1,"href":"https:\/\/tudisenodecoracion.com\/tudecoraciontienda\/wp-json\/wp\/v2\/product\/8713\/revisions"}],"predecessor-version":[{"id":8717,"href":"https:\/\/tudisenodecoracion.com\/tudecoraciontienda\/wp-json\/wp\/v2\/product\/8713\/revisions\/8717"}],"wp:featuredmedia":[{"embeddable":true,"href":"https:\/\/tudisenodecoracion.com\/tudecoraciontienda\/wp-json\/wp\/v2\/media\/8714"}],"wp:attachment":[{"href":"https:\/\/tudisenodecoracion.com\/tudecoraciontienda\/wp-json\/wp\/v2\/media?parent=8713"}],"wp:term":[{"taxonomy":"product_brand","embeddable":true,"href":"https:\/\/tudisenodecoracion.com\/tudecoraciontienda\/wp-json\/wp\/v2\/product_brand?post=8713"},{"taxonomy":"product_cat","embeddable":true,"href":"https:\/\/tudisenodecoracion.com\/tudecoraciontienda\/wp-json\/wp\/v2\/product_cat?post=8713"},{"taxonomy":"product_tag","embeddable":true,"href":"https:\/\/tudisenodecoracion.com\/tudecoraciontienda\/wp-json\/wp\/v2\/product_tag?post=8713"}],"curies":[{"name":"wp","href":"https:\/\/api.w.org\/{rel}","templated":true}]}}