{"id":7441,"date":"2022-07-11T16:56:06","date_gmt":"2022-07-11T22:56:06","guid":{"rendered":"https:\/\/tudisenodecoracion.com\/tudecoraciontienda\/?post_type=product&#038;p=7441"},"modified":"2026-02-19T16:54:39","modified_gmt":"2026-02-19T23:54:39","slug":"comedor-exterior-palm-bliss","status":"publish","type":"product","link":"https:\/\/tudisenodecoracion.com\/tudecoraciontienda\/producto\/comedor-exterior-palm-bliss\/","title":{"rendered":"Comedor exterior Palm Bliss"},"content":{"rendered":"<p style=\"text-align: center;\">Experimente la felicidad de comer al aire libre con el paquete de comedor exterior Palm Bliss. El dise\u00f1o sencillo es elegante y con estilo, mientras que los cojines de color gris claro en tejido de alto rendimiento Nuvella no pierden el color y son f\u00e1ciles de limpiar.<\/p>\n<p style=\"text-align: center;\">Fabricadas con mimbre de encaje sobre una estructura de acero con recubrimiento de polvo, las sillas son apilables para ahorrar espacio cuando no se utilizan. El tablero de cristal templado facilita el entretenimiento al aire libre.<\/p>\n<p style=\"text-align: center;\">\n<p>Disfruta este y m\u00e1s productos en nuestra pagina, puedes inspirar <a href=\"https:\/\/pin.it\/1d5N3K9\" target=\"_blank\" rel=\"noopener\">Tu Decoraci\u00f3n con nuestro Pinterest!<\/a><\/p>\n<p><span style=\"color: #ffffff;\"><a style=\"color: #ffffff;\" href=\"https:\/\/tudisenodecoracion.com\/\">tudisenodecoracion.com<\/a><\/span><\/p>\n","protected":false},"excerpt":{"rendered":"<div class=\"textproduct\">\n<ul>\n<li><i class=\"icon ion-android-checkmark-circle\"><\/i>Tapa de cristal templado gris de 88.9cm<\/li>\n<li><i class=\"icon ion-android-checkmark-circle\"><\/i>Fabricadas con mimbre tejido sobre una estructura de acero con recubrimiento de polvo<\/li>\n<li><i class=\"icon ion-android-checkmark-circle\"><\/i>Herrajes de acero inoxidable<\/li>\n<li><i class=\"icon ion-android-checkmark-circle\"><\/i>Poli\u00e9ster de f\u00e1cil limpieza<\/li>\n<li><i class=\"icon ion-android-checkmark-circle\"><\/i>N\u00facleo de espuma para todo tipo de clima envuelto en poli\u00e9ster suave<\/li>\n<\/ul>\n<\/div>\n","protected":false},"featured_media":7443,"template":"","meta":[],"product_brand":[],"product_cat":[206],"product_tag":[],"class_list":{"0":"post-7441","1":"product","2":"type-product","3":"status-publish","4":"has-post-thumbnail","6":"product_cat-jardinexterior","7":"product_shipping_class-mueble","8":"entry","9":"has-media","11":"first","12":"instock","13":"taxable","14":"shipping-taxable","15":"purchasable","16":"product-type-variable","17":"col","18":"span_1_of_4","19":"wvn-content-center","20":"wvn-thumbs-layout-horizontal","21":"wvn-btn-normal","22":"wvn-tabs-layout-horizontal"},"yoast_head":"<!-- This site is optimized with the Yoast SEO plugin v27.1.1 - https:\/\/yoast.com\/product\/yoast-seo-wordpress\/ -->\n<title>Comedor exterior Palm Bliss - Tu Dise\u00f1o Decoraci\u00f3n - Lo mejor.<\/title>\n<meta name=\"description\" content=\"Comedor exterior Palm Bliss fabricado con mimbre tejido sobre una estructura de acero con recubrimiento de polvo. Este y m\u00e1s productos en nuestra p\u00e1gina.\" \/>\n<meta name=\"robots\" content=\"index, follow, max-snippet:-1, max-image-preview:large, max-video-preview:-1\" \/>\n<link rel=\"canonical\" href=\"https:\/\/tudisenodecoracion.com\/tudecoraciontienda\/producto\/comedor-exterior-palm-bliss\/\" \/>\n<meta property=\"og:locale\" content=\"es_MX\" \/>\n<meta property=\"og:type\" content=\"article\" \/>\n<meta property=\"og:title\" content=\"Comedor exterior palm bliss\" \/>\n<meta property=\"og:description\" content=\"Comedor exterior Palm Bliss fabricado con mimbre tejido sobre una estructura de acero con recubrimiento de polvo. Este y m\u00e1s productos en nuestra p\u00e1gina.\" \/>\n<meta property=\"og:url\" content=\"https:\/\/tudisenodecoracion.com\/tudecoraciontienda\/producto\/comedor-exterior-palm-bliss\/\" \/>\n<meta property=\"og:site_name\" content=\"Tu Dise\u00f1o Decoraci\u00f3n\" \/>\n<meta property=\"article:modified_time\" content=\"2026-02-19T23:54:39+00:00\" \/>\n<meta property=\"og:image\" content=\"https:\/\/tudisenodecoracion.com\/tudecoraciontienda\/wp-content\/uploads\/2022\/07\/ASH-APG-P372-5P.jpg\" \/>\n\t<meta property=\"og:image:width\" content=\"800\" \/>\n\t<meta property=\"og:image:height\" content=\"800\" \/>\n\t<meta property=\"og:image:type\" content=\"image\/jpeg\" \/>\n<meta name=\"twitter:card\" content=\"summary_large_image\" \/>\n<meta name=\"twitter:title\" content=\"Comedor exterior palm bliss\" \/>\n<meta name=\"twitter:description\" content=\"Comedor exterior Palm Bliss fabricado con mimbre tejido sobre una estructura de acero con recubrimiento de polvo. Este y m\u00e1s productos en nuestra p\u00e1gina.\" \/>\n<meta name=\"twitter:image\" content=\"https:\/\/tudisenodecoracion.com\/tudecoraciontienda\/wp-content\/uploads\/2022\/07\/ASH-APG-P372-5P.jpg\" \/>\n<meta name=\"twitter:label1\" content=\"Tiempo de lectura\" \/>\n\t<meta name=\"twitter:data1\" content=\"1 minuto\" \/>\n<script type=\"application\/ld+json\" class=\"yoast-schema-graph\">{\"@context\":\"https:\/\/schema.org\",\"@graph\":[{\"@type\":\"WebPage\",\"@id\":\"https:\/\/tudisenodecoracion.com\/tudecoraciontienda\/producto\/comedor-exterior-palm-bliss\/\",\"url\":\"https:\/\/tudisenodecoracion.com\/tudecoraciontienda\/producto\/comedor-exterior-palm-bliss\/\",\"name\":\"Comedor exterior Palm Bliss - Tu Dise\u00f1o Decoraci\u00f3n - Lo mejor.\",\"isPartOf\":{\"@id\":\"https:\/\/tudisenodecoracion.com\/tudecoraciontienda\/#website\"},\"primaryImageOfPage\":{\"@id\":\"https:\/\/tudisenodecoracion.com\/tudecoraciontienda\/producto\/comedor-exterior-palm-bliss\/#primaryimage\"},\"image\":{\"@id\":\"https:\/\/tudisenodecoracion.com\/tudecoraciontienda\/producto\/comedor-exterior-palm-bliss\/#primaryimage\"},\"thumbnailUrl\":\"https:\/\/tudisenodecoracion.com\/tudecoraciontienda\/wp-content\/uploads\/2022\/07\/ASH-APG-P372-5P.jpg\",\"datePublished\":\"2022-07-11T22:56:06+00:00\",\"dateModified\":\"2026-02-19T23:54:39+00:00\",\"description\":\"Comedor exterior Palm Bliss fabricado con mimbre tejido sobre una estructura de acero con recubrimiento de polvo. Este y m\u00e1s productos en nuestra p\u00e1gina.\",\"breadcrumb\":{\"@id\":\"https:\/\/tudisenodecoracion.com\/tudecoraciontienda\/producto\/comedor-exterior-palm-bliss\/#breadcrumb\"},\"inLanguage\":\"es\",\"potentialAction\":[{\"@type\":\"ReadAction\",\"target\":[\"https:\/\/tudisenodecoracion.com\/tudecoraciontienda\/producto\/comedor-exterior-palm-bliss\/\"]}]},{\"@type\":\"ImageObject\",\"inLanguage\":\"es\",\"@id\":\"https:\/\/tudisenodecoracion.com\/tudecoraciontienda\/producto\/comedor-exterior-palm-bliss\/#primaryimage\",\"url\":\"https:\/\/tudisenodecoracion.com\/tudecoraciontienda\/wp-content\/uploads\/2022\/07\/ASH-APG-P372-5P.jpg\",\"contentUrl\":\"https:\/\/tudisenodecoracion.com\/tudecoraciontienda\/wp-content\/uploads\/2022\/07\/ASH-APG-P372-5P.jpg\",\"width\":800,\"height\":800,\"caption\":\"Comedor exterior Palm Bliss\"},{\"@type\":\"BreadcrumbList\",\"@id\":\"https:\/\/tudisenodecoracion.com\/tudecoraciontienda\/producto\/comedor-exterior-palm-bliss\/#breadcrumb\",\"itemListElement\":[{\"@type\":\"ListItem\",\"position\":1,\"name\":\"Inicio\",\"item\":\"https:\/\/tudisenodecoracion.com\/tudecoraciontienda\/\"},{\"@type\":\"ListItem\",\"position\":2,\"name\":\"Tienda\",\"item\":\"https:\/\/tudisenodecoracion.com\/tudecoraciontienda\/tienda\/\"},{\"@type\":\"ListItem\",\"position\":3,\"name\":\"Comedor exterior Palm Bliss\"}]},{\"@type\":\"WebSite\",\"@id\":\"https:\/\/tudisenodecoracion.com\/tudecoraciontienda\/#website\",\"url\":\"https:\/\/tudisenodecoracion.com\/tudecoraciontienda\/\",\"name\":\"Tu Dise\u00f1o Decoraci\u00f3n\",\"description\":\"Creamos espacios MUY T\u00da.\",\"publisher\":{\"@id\":\"https:\/\/tudisenodecoracion.com\/tudecoraciontienda\/#organization\"},\"potentialAction\":[{\"@type\":\"SearchAction\",\"target\":{\"@type\":\"EntryPoint\",\"urlTemplate\":\"https:\/\/tudisenodecoracion.com\/tudecoraciontienda\/?s={search_term_string}\"},\"query-input\":{\"@type\":\"PropertyValueSpecification\",\"valueRequired\":true,\"valueName\":\"search_term_string\"}}],\"inLanguage\":\"es\"},{\"@type\":\"Organization\",\"@id\":\"https:\/\/tudisenodecoracion.com\/tudecoraciontienda\/#organization\",\"name\":\"Tu Dise\u00f1o Decoraci\u00f3n\",\"url\":\"https:\/\/tudisenodecoracion.com\/tudecoraciontienda\/\",\"logo\":{\"@type\":\"ImageObject\",\"inLanguage\":\"es\",\"@id\":\"https:\/\/tudisenodecoracion.com\/tudecoraciontienda\/#\/schema\/logo\/image\/\",\"url\":\"https:\/\/tudisenodecoracion.com\/tudecoraciontienda\/wp-content\/uploads\/2024\/07\/Logo_TU.color_.png\",\"contentUrl\":\"https:\/\/tudisenodecoracion.com\/tudecoraciontienda\/wp-content\/uploads\/2024\/07\/Logo_TU.color_.png\",\"width\":1991,\"height\":1991,\"caption\":\"Tu Dise\u00f1o Decoraci\u00f3n\"},\"image\":{\"@id\":\"https:\/\/tudisenodecoracion.com\/tudecoraciontienda\/#\/schema\/logo\/image\/\"}}]}<\/script>\n<!-- \/ Yoast SEO plugin. -->","yoast_head_json":{"title":"Comedor exterior Palm Bliss - Tu Dise\u00f1o Decoraci\u00f3n - Lo mejor.","description":"Comedor exterior Palm Bliss fabricado con mimbre tejido sobre una estructura de acero con recubrimiento de polvo. Este y m\u00e1s productos en nuestra p\u00e1gina.","robots":{"index":"index","follow":"follow","max-snippet":"max-snippet:-1","max-image-preview":"max-image-preview:large","max-video-preview":"max-video-preview:-1"},"canonical":"https:\/\/tudisenodecoracion.com\/tudecoraciontienda\/producto\/comedor-exterior-palm-bliss\/","og_locale":"es_MX","og_type":"article","og_title":"Comedor exterior palm bliss","og_description":"Comedor exterior Palm Bliss fabricado con mimbre tejido sobre una estructura de acero con recubrimiento de polvo. Este y m\u00e1s productos en nuestra p\u00e1gina.","og_url":"https:\/\/tudisenodecoracion.com\/tudecoraciontienda\/producto\/comedor-exterior-palm-bliss\/","og_site_name":"Tu Dise\u00f1o Decoraci\u00f3n","article_modified_time":"2026-02-19T23:54:39+00:00","og_image":[{"width":800,"height":800,"url":"https:\/\/tudisenodecoracion.com\/tudecoraciontienda\/wp-content\/uploads\/2022\/07\/ASH-APG-P372-5P.jpg","type":"image\/jpeg"}],"twitter_card":"summary_large_image","twitter_title":"Comedor exterior palm bliss","twitter_description":"Comedor exterior Palm Bliss fabricado con mimbre tejido sobre una estructura de acero con recubrimiento de polvo. Este y m\u00e1s productos en nuestra p\u00e1gina.","twitter_image":"https:\/\/tudisenodecoracion.com\/tudecoraciontienda\/wp-content\/uploads\/2022\/07\/ASH-APG-P372-5P.jpg","twitter_misc":{"Tiempo de lectura":"1 minuto"},"schema":{"@context":"https:\/\/schema.org","@graph":[{"@type":"WebPage","@id":"https:\/\/tudisenodecoracion.com\/tudecoraciontienda\/producto\/comedor-exterior-palm-bliss\/","url":"https:\/\/tudisenodecoracion.com\/tudecoraciontienda\/producto\/comedor-exterior-palm-bliss\/","name":"Comedor exterior Palm Bliss - Tu Dise\u00f1o Decoraci\u00f3n - Lo mejor.","isPartOf":{"@id":"https:\/\/tudisenodecoracion.com\/tudecoraciontienda\/#website"},"primaryImageOfPage":{"@id":"https:\/\/tudisenodecoracion.com\/tudecoraciontienda\/producto\/comedor-exterior-palm-bliss\/#primaryimage"},"image":{"@id":"https:\/\/tudisenodecoracion.com\/tudecoraciontienda\/producto\/comedor-exterior-palm-bliss\/#primaryimage"},"thumbnailUrl":"https:\/\/tudisenodecoracion.com\/tudecoraciontienda\/wp-content\/uploads\/2022\/07\/ASH-APG-P372-5P.jpg","datePublished":"2022-07-11T22:56:06+00:00","dateModified":"2026-02-19T23:54:39+00:00","description":"Comedor exterior Palm Bliss fabricado con mimbre tejido sobre una estructura de acero con recubrimiento de polvo. Este y m\u00e1s productos en nuestra p\u00e1gina.","breadcrumb":{"@id":"https:\/\/tudisenodecoracion.com\/tudecoraciontienda\/producto\/comedor-exterior-palm-bliss\/#breadcrumb"},"inLanguage":"es","potentialAction":[{"@type":"ReadAction","target":["https:\/\/tudisenodecoracion.com\/tudecoraciontienda\/producto\/comedor-exterior-palm-bliss\/"]}]},{"@type":"ImageObject","inLanguage":"es","@id":"https:\/\/tudisenodecoracion.com\/tudecoraciontienda\/producto\/comedor-exterior-palm-bliss\/#primaryimage","url":"https:\/\/tudisenodecoracion.com\/tudecoraciontienda\/wp-content\/uploads\/2022\/07\/ASH-APG-P372-5P.jpg","contentUrl":"https:\/\/tudisenodecoracion.com\/tudecoraciontienda\/wp-content\/uploads\/2022\/07\/ASH-APG-P372-5P.jpg","width":800,"height":800,"caption":"Comedor exterior Palm Bliss"},{"@type":"BreadcrumbList","@id":"https:\/\/tudisenodecoracion.com\/tudecoraciontienda\/producto\/comedor-exterior-palm-bliss\/#breadcrumb","itemListElement":[{"@type":"ListItem","position":1,"name":"Inicio","item":"https:\/\/tudisenodecoracion.com\/tudecoraciontienda\/"},{"@type":"ListItem","position":2,"name":"Tienda","item":"https:\/\/tudisenodecoracion.com\/tudecoraciontienda\/tienda\/"},{"@type":"ListItem","position":3,"name":"Comedor exterior Palm Bliss"}]},{"@type":"WebSite","@id":"https:\/\/tudisenodecoracion.com\/tudecoraciontienda\/#website","url":"https:\/\/tudisenodecoracion.com\/tudecoraciontienda\/","name":"Tu Dise\u00f1o Decoraci\u00f3n","description":"Creamos espacios MUY T\u00da.","publisher":{"@id":"https:\/\/tudisenodecoracion.com\/tudecoraciontienda\/#organization"},"potentialAction":[{"@type":"SearchAction","target":{"@type":"EntryPoint","urlTemplate":"https:\/\/tudisenodecoracion.com\/tudecoraciontienda\/?s={search_term_string}"},"query-input":{"@type":"PropertyValueSpecification","valueRequired":true,"valueName":"search_term_string"}}],"inLanguage":"es"},{"@type":"Organization","@id":"https:\/\/tudisenodecoracion.com\/tudecoraciontienda\/#organization","name":"Tu Dise\u00f1o Decoraci\u00f3n","url":"https:\/\/tudisenodecoracion.com\/tudecoraciontienda\/","logo":{"@type":"ImageObject","inLanguage":"es","@id":"https:\/\/tudisenodecoracion.com\/tudecoraciontienda\/#\/schema\/logo\/image\/","url":"https:\/\/tudisenodecoracion.com\/tudecoraciontienda\/wp-content\/uploads\/2024\/07\/Logo_TU.color_.png","contentUrl":"https:\/\/tudisenodecoracion.com\/tudecoraciontienda\/wp-content\/uploads\/2024\/07\/Logo_TU.color_.png","width":1991,"height":1991,"caption":"Tu Dise\u00f1o Decoraci\u00f3n"},"image":{"@id":"https:\/\/tudisenodecoracion.com\/tudecoraciontienda\/#\/schema\/logo\/image\/"}}]}},"_links":{"self":[{"href":"https:\/\/tudisenodecoracion.com\/tudecoraciontienda\/wp-json\/wp\/v2\/product\/7441","targetHints":{"allow":["GET"]}}],"collection":[{"href":"https:\/\/tudisenodecoracion.com\/tudecoraciontienda\/wp-json\/wp\/v2\/product"}],"about":[{"href":"https:\/\/tudisenodecoracion.com\/tudecoraciontienda\/wp-json\/wp\/v2\/types\/product"}],"version-history":[{"count":3,"href":"https:\/\/tudisenodecoracion.com\/tudecoraciontienda\/wp-json\/wp\/v2\/product\/7441\/revisions"}],"predecessor-version":[{"id":7689,"href":"https:\/\/tudisenodecoracion.com\/tudecoraciontienda\/wp-json\/wp\/v2\/product\/7441\/revisions\/7689"}],"wp:featuredmedia":[{"embeddable":true,"href":"https:\/\/tudisenodecoracion.com\/tudecoraciontienda\/wp-json\/wp\/v2\/media\/7443"}],"wp:attachment":[{"href":"https:\/\/tudisenodecoracion.com\/tudecoraciontienda\/wp-json\/wp\/v2\/media?parent=7441"}],"wp:term":[{"taxonomy":"product_brand","embeddable":true,"href":"https:\/\/tudisenodecoracion.com\/tudecoraciontienda\/wp-json\/wp\/v2\/product_brand?post=7441"},{"taxonomy":"product_cat","embeddable":true,"href":"https:\/\/tudisenodecoracion.com\/tudecoraciontienda\/wp-json\/wp\/v2\/product_cat?post=7441"},{"taxonomy":"product_tag","embeddable":true,"href":"https:\/\/tudisenodecoracion.com\/tudecoraciontienda\/wp-json\/wp\/v2\/product_tag?post=7441"}],"curies":[{"name":"wp","href":"https:\/\/api.w.org\/{rel}","templated":true}]}}