{"id":7335,"date":"2022-07-04T15:57:54","date_gmt":"2022-07-04T21:57:54","guid":{"rendered":"https:\/\/tudisenodecoracion.com\/tudecoraciontienda\/?post_type=product&#038;p=7335"},"modified":"2024-09-19T16:10:42","modified_gmt":"2024-09-19T23:10:42","slug":"cojin-crema-irvetta","status":"publish","type":"product","link":"https:\/\/tudisenodecoracion.com\/tudecoraciontienda\/producto\/cojin-crema-irvetta\/","title":{"rendered":"Coj\u00edn crema Irvetta"},"content":{"rendered":"<p style=\"text-align: center;\">Este exclusivo coj\u00edn crema Irvetta de tela de chambray te\u00f1ida con un trabajo de bordado de encaje en color topo y crema le permitir\u00e1 crear su propio look. Convierta su espacio en un lugar de relajaci\u00f3n con la almohada de acento Irvetta.<\/p>\n<p>Disfruta este y m\u00e1s productos en nuestra pagina, puedes inspirar <a href=\"https:\/\/pin.it\/1d5N3K9\" target=\"_blank\" rel=\"noopener\">Tu Decoraci\u00f3n con nuestro Pinterest!<\/a><\/p>\n<p><span style=\"color: #ffffff;\"><a style=\"color: #ffffff;\" href=\"https:\/\/tudisenodecoracion.com\/\">tudisenodecoracion.com<\/a><\/span><\/p>\n","protected":false},"excerpt":{"rendered":"<div class=\"textproduct\">\n<ul>\n<li><i class=\"icon ion-android-checkmark-circle\"><\/i>Cara de algod\u00f3n con reverso de mezcla de algod\u00f3n y lino<\/li>\n<li><i class=\"icon ion-android-checkmark-circle\"><\/i>Tela de chambray te\u00f1ida en hilo con bordados de encaje<\/li>\n<li><i class=\"icon ion-android-checkmark-circle\"><\/i>Construcci\u00f3n de borde de cuchillo<\/li>\n<li><i class=\"icon ion-android-checkmark-circle\"><\/i>Suave relleno de poli\u00e9ster<\/li>\n<li><i class=\"icon ion-android-checkmark-circle\"><\/i>Cierre de cremallera<\/li>\n<li><i class=\"icon ion-android-checkmark-circle\"><\/i>S\u00f3lo se puede limpiar en seco<\/li>\n<li><i class=\"icon ion-android-checkmark-circle\"><\/i>Ancho: 58.42 cm, Profundidad: 38,1 cm<\/li>\n<\/ul>\n<\/div>\n","protected":false},"featured_media":7336,"template":"","meta":[],"product_brand":[],"product_cat":[30,35,34,36],"product_tag":[144],"class_list":{"0":"post-7335","1":"product","2":"type-product","3":"status-publish","4":"has-post-thumbnail","6":"product_cat-accesorios","7":"product_cat-cojines","8":"product_cat-textiles","9":"product_cat-todo-textiles","10":"product_tag-estilo-bohemio","11":"product_shipping_class-accesorios","12":"entry","13":"has-media","15":"first","16":"outofstock","17":"taxable","18":"shipping-taxable","19":"purchasable","20":"product-type-simple","21":"col","22":"span_1_of_4","23":"wvn-content-center","24":"wvn-thumbs-layout-horizontal","25":"wvn-btn-normal","26":"wvn-tabs-layout-horizontal"},"yoast_head":"<!-- This site is optimized with the Yoast SEO plugin v27.1.1 - https:\/\/yoast.com\/product\/yoast-seo-wordpress\/ -->\n<title>Coj\u00edn crema Irvetta - Tu Dise\u00f1o Decoraci\u00f3n - Lo mejor en cojines online.<\/title>\n<meta name=\"description\" content=\"Coj\u00edn crema Irvetta con cuerpo 100% de algodon. Este y m\u00e1s cojines en nuestra pagina para mejorar Tu espacio con Tu estilo.\" \/>\n<meta name=\"robots\" content=\"index, follow, max-snippet:-1, max-image-preview:large, max-video-preview:-1\" \/>\n<link rel=\"canonical\" href=\"https:\/\/tudisenodecoracion.com\/tudecoraciontienda\/producto\/cojin-crema-irvetta\/\" \/>\n<meta property=\"og:locale\" content=\"es_MX\" \/>\n<meta property=\"og:type\" content=\"article\" \/>\n<meta property=\"og:title\" content=\"Coj\u00edn crema Irvetta\" \/>\n<meta property=\"og:description\" content=\"Coj\u00edn crema Irvetta con cuerpo 100% de algodon. Este y m\u00e1s cojines en nuestra pagina para mejorar Tu espacio con Tu estilo.\" \/>\n<meta property=\"og:url\" content=\"https:\/\/tudisenodecoracion.com\/tudecoraciontienda\/producto\/cojin-crema-irvetta\/\" \/>\n<meta property=\"og:site_name\" content=\"Tu Dise\u00f1o Decoraci\u00f3n\" \/>\n<meta property=\"article:modified_time\" content=\"2024-09-19T23:10:42+00:00\" \/>\n<meta property=\"og:image\" content=\"https:\/\/tudisenodecoracion.com\/tudecoraciontienda\/wp-content\/uploads\/2022\/07\/ASH-A1000988.jpg\" \/>\n\t<meta property=\"og:image:width\" content=\"800\" \/>\n\t<meta property=\"og:image:height\" content=\"800\" \/>\n\t<meta property=\"og:image:type\" content=\"image\/jpeg\" \/>\n<meta name=\"twitter:card\" content=\"summary_large_image\" \/>\n<meta name=\"twitter:title\" content=\"Coj\u00edn crema Irvetta\" \/>\n<meta name=\"twitter:description\" content=\"Coj\u00edn crema Irvetta con cuerpo 100% de algodon. Este y m\u00e1s cojines en nuestra pagina para mejorar Tu espacio con Tu estilo.\" \/>\n<meta name=\"twitter:image\" content=\"https:\/\/tudisenodecoracion.com\/tudecoraciontienda\/wp-content\/uploads\/2022\/07\/ASH-A1000988.jpg\" \/>\n<meta name=\"twitter:label1\" content=\"Tiempo de lectura\" \/>\n\t<meta name=\"twitter:data1\" content=\"1 minuto\" \/>\n<script type=\"application\/ld+json\" class=\"yoast-schema-graph\">{\"@context\":\"https:\/\/schema.org\",\"@graph\":[{\"@type\":\"WebPage\",\"@id\":\"https:\/\/tudisenodecoracion.com\/tudecoraciontienda\/producto\/cojin-crema-irvetta\/\",\"url\":\"https:\/\/tudisenodecoracion.com\/tudecoraciontienda\/producto\/cojin-crema-irvetta\/\",\"name\":\"Coj\u00edn crema Irvetta - Tu Dise\u00f1o Decoraci\u00f3n - Lo mejor en cojines online.\",\"isPartOf\":{\"@id\":\"https:\/\/tudisenodecoracion.com\/tudecoraciontienda\/#website\"},\"primaryImageOfPage\":{\"@id\":\"https:\/\/tudisenodecoracion.com\/tudecoraciontienda\/producto\/cojin-crema-irvetta\/#primaryimage\"},\"image\":{\"@id\":\"https:\/\/tudisenodecoracion.com\/tudecoraciontienda\/producto\/cojin-crema-irvetta\/#primaryimage\"},\"thumbnailUrl\":\"https:\/\/tudisenodecoracion.com\/tudecoraciontienda\/wp-content\/uploads\/2022\/07\/ASH-A1000988.jpg\",\"datePublished\":\"2022-07-04T21:57:54+00:00\",\"dateModified\":\"2024-09-19T23:10:42+00:00\",\"description\":\"Coj\u00edn crema Irvetta con cuerpo 100% de algodon. Este y m\u00e1s cojines en nuestra pagina para mejorar Tu espacio con Tu estilo.\",\"breadcrumb\":{\"@id\":\"https:\/\/tudisenodecoracion.com\/tudecoraciontienda\/producto\/cojin-crema-irvetta\/#breadcrumb\"},\"inLanguage\":\"es\",\"potentialAction\":[{\"@type\":\"ReadAction\",\"target\":[\"https:\/\/tudisenodecoracion.com\/tudecoraciontienda\/producto\/cojin-crema-irvetta\/\"]}]},{\"@type\":\"ImageObject\",\"inLanguage\":\"es\",\"@id\":\"https:\/\/tudisenodecoracion.com\/tudecoraciontienda\/producto\/cojin-crema-irvetta\/#primaryimage\",\"url\":\"https:\/\/tudisenodecoracion.com\/tudecoraciontienda\/wp-content\/uploads\/2022\/07\/ASH-A1000988.jpg\",\"contentUrl\":\"https:\/\/tudisenodecoracion.com\/tudecoraciontienda\/wp-content\/uploads\/2022\/07\/ASH-A1000988.jpg\",\"width\":800,\"height\":800,\"caption\":\"coj\u00edn-crema-irvetta\"},{\"@type\":\"BreadcrumbList\",\"@id\":\"https:\/\/tudisenodecoracion.com\/tudecoraciontienda\/producto\/cojin-crema-irvetta\/#breadcrumb\",\"itemListElement\":[{\"@type\":\"ListItem\",\"position\":1,\"name\":\"Inicio\",\"item\":\"https:\/\/tudisenodecoracion.com\/tudecoraciontienda\/\"},{\"@type\":\"ListItem\",\"position\":2,\"name\":\"Tienda\",\"item\":\"https:\/\/tudisenodecoracion.com\/tudecoraciontienda\/tienda\/\"},{\"@type\":\"ListItem\",\"position\":3,\"name\":\"Coj\u00edn crema Irvetta\"}]},{\"@type\":\"WebSite\",\"@id\":\"https:\/\/tudisenodecoracion.com\/tudecoraciontienda\/#website\",\"url\":\"https:\/\/tudisenodecoracion.com\/tudecoraciontienda\/\",\"name\":\"Tu Dise\u00f1o Decoraci\u00f3n\",\"description\":\"Creamos espacios MUY T\u00da.\",\"publisher\":{\"@id\":\"https:\/\/tudisenodecoracion.com\/tudecoraciontienda\/#organization\"},\"potentialAction\":[{\"@type\":\"SearchAction\",\"target\":{\"@type\":\"EntryPoint\",\"urlTemplate\":\"https:\/\/tudisenodecoracion.com\/tudecoraciontienda\/?s={search_term_string}\"},\"query-input\":{\"@type\":\"PropertyValueSpecification\",\"valueRequired\":true,\"valueName\":\"search_term_string\"}}],\"inLanguage\":\"es\"},{\"@type\":\"Organization\",\"@id\":\"https:\/\/tudisenodecoracion.com\/tudecoraciontienda\/#organization\",\"name\":\"Tu Dise\u00f1o Decoraci\u00f3n\",\"url\":\"https:\/\/tudisenodecoracion.com\/tudecoraciontienda\/\",\"logo\":{\"@type\":\"ImageObject\",\"inLanguage\":\"es\",\"@id\":\"https:\/\/tudisenodecoracion.com\/tudecoraciontienda\/#\/schema\/logo\/image\/\",\"url\":\"https:\/\/tudisenodecoracion.com\/tudecoraciontienda\/wp-content\/uploads\/2024\/07\/Logo_TU.color_.png\",\"contentUrl\":\"https:\/\/tudisenodecoracion.com\/tudecoraciontienda\/wp-content\/uploads\/2024\/07\/Logo_TU.color_.png\",\"width\":1991,\"height\":1991,\"caption\":\"Tu Dise\u00f1o Decoraci\u00f3n\"},\"image\":{\"@id\":\"https:\/\/tudisenodecoracion.com\/tudecoraciontienda\/#\/schema\/logo\/image\/\"}}]}<\/script>\n<!-- \/ Yoast SEO plugin. -->","yoast_head_json":{"title":"Coj\u00edn crema Irvetta - Tu Dise\u00f1o Decoraci\u00f3n - Lo mejor en cojines online.","description":"Coj\u00edn crema Irvetta con cuerpo 100% de algodon. Este y m\u00e1s cojines en nuestra pagina para mejorar Tu espacio con Tu estilo.","robots":{"index":"index","follow":"follow","max-snippet":"max-snippet:-1","max-image-preview":"max-image-preview:large","max-video-preview":"max-video-preview:-1"},"canonical":"https:\/\/tudisenodecoracion.com\/tudecoraciontienda\/producto\/cojin-crema-irvetta\/","og_locale":"es_MX","og_type":"article","og_title":"Coj\u00edn crema Irvetta","og_description":"Coj\u00edn crema Irvetta con cuerpo 100% de algodon. Este y m\u00e1s cojines en nuestra pagina para mejorar Tu espacio con Tu estilo.","og_url":"https:\/\/tudisenodecoracion.com\/tudecoraciontienda\/producto\/cojin-crema-irvetta\/","og_site_name":"Tu Dise\u00f1o Decoraci\u00f3n","article_modified_time":"2024-09-19T23:10:42+00:00","og_image":[{"width":800,"height":800,"url":"https:\/\/tudisenodecoracion.com\/tudecoraciontienda\/wp-content\/uploads\/2022\/07\/ASH-A1000988.jpg","type":"image\/jpeg"}],"twitter_card":"summary_large_image","twitter_title":"Coj\u00edn crema Irvetta","twitter_description":"Coj\u00edn crema Irvetta con cuerpo 100% de algodon. Este y m\u00e1s cojines en nuestra pagina para mejorar Tu espacio con Tu estilo.","twitter_image":"https:\/\/tudisenodecoracion.com\/tudecoraciontienda\/wp-content\/uploads\/2022\/07\/ASH-A1000988.jpg","twitter_misc":{"Tiempo de lectura":"1 minuto"},"schema":{"@context":"https:\/\/schema.org","@graph":[{"@type":"WebPage","@id":"https:\/\/tudisenodecoracion.com\/tudecoraciontienda\/producto\/cojin-crema-irvetta\/","url":"https:\/\/tudisenodecoracion.com\/tudecoraciontienda\/producto\/cojin-crema-irvetta\/","name":"Coj\u00edn crema Irvetta - Tu Dise\u00f1o Decoraci\u00f3n - Lo mejor en cojines online.","isPartOf":{"@id":"https:\/\/tudisenodecoracion.com\/tudecoraciontienda\/#website"},"primaryImageOfPage":{"@id":"https:\/\/tudisenodecoracion.com\/tudecoraciontienda\/producto\/cojin-crema-irvetta\/#primaryimage"},"image":{"@id":"https:\/\/tudisenodecoracion.com\/tudecoraciontienda\/producto\/cojin-crema-irvetta\/#primaryimage"},"thumbnailUrl":"https:\/\/tudisenodecoracion.com\/tudecoraciontienda\/wp-content\/uploads\/2022\/07\/ASH-A1000988.jpg","datePublished":"2022-07-04T21:57:54+00:00","dateModified":"2024-09-19T23:10:42+00:00","description":"Coj\u00edn crema Irvetta con cuerpo 100% de algodon. Este y m\u00e1s cojines en nuestra pagina para mejorar Tu espacio con Tu estilo.","breadcrumb":{"@id":"https:\/\/tudisenodecoracion.com\/tudecoraciontienda\/producto\/cojin-crema-irvetta\/#breadcrumb"},"inLanguage":"es","potentialAction":[{"@type":"ReadAction","target":["https:\/\/tudisenodecoracion.com\/tudecoraciontienda\/producto\/cojin-crema-irvetta\/"]}]},{"@type":"ImageObject","inLanguage":"es","@id":"https:\/\/tudisenodecoracion.com\/tudecoraciontienda\/producto\/cojin-crema-irvetta\/#primaryimage","url":"https:\/\/tudisenodecoracion.com\/tudecoraciontienda\/wp-content\/uploads\/2022\/07\/ASH-A1000988.jpg","contentUrl":"https:\/\/tudisenodecoracion.com\/tudecoraciontienda\/wp-content\/uploads\/2022\/07\/ASH-A1000988.jpg","width":800,"height":800,"caption":"coj\u00edn-crema-irvetta"},{"@type":"BreadcrumbList","@id":"https:\/\/tudisenodecoracion.com\/tudecoraciontienda\/producto\/cojin-crema-irvetta\/#breadcrumb","itemListElement":[{"@type":"ListItem","position":1,"name":"Inicio","item":"https:\/\/tudisenodecoracion.com\/tudecoraciontienda\/"},{"@type":"ListItem","position":2,"name":"Tienda","item":"https:\/\/tudisenodecoracion.com\/tudecoraciontienda\/tienda\/"},{"@type":"ListItem","position":3,"name":"Coj\u00edn crema Irvetta"}]},{"@type":"WebSite","@id":"https:\/\/tudisenodecoracion.com\/tudecoraciontienda\/#website","url":"https:\/\/tudisenodecoracion.com\/tudecoraciontienda\/","name":"Tu Dise\u00f1o Decoraci\u00f3n","description":"Creamos espacios MUY T\u00da.","publisher":{"@id":"https:\/\/tudisenodecoracion.com\/tudecoraciontienda\/#organization"},"potentialAction":[{"@type":"SearchAction","target":{"@type":"EntryPoint","urlTemplate":"https:\/\/tudisenodecoracion.com\/tudecoraciontienda\/?s={search_term_string}"},"query-input":{"@type":"PropertyValueSpecification","valueRequired":true,"valueName":"search_term_string"}}],"inLanguage":"es"},{"@type":"Organization","@id":"https:\/\/tudisenodecoracion.com\/tudecoraciontienda\/#organization","name":"Tu Dise\u00f1o Decoraci\u00f3n","url":"https:\/\/tudisenodecoracion.com\/tudecoraciontienda\/","logo":{"@type":"ImageObject","inLanguage":"es","@id":"https:\/\/tudisenodecoracion.com\/tudecoraciontienda\/#\/schema\/logo\/image\/","url":"https:\/\/tudisenodecoracion.com\/tudecoraciontienda\/wp-content\/uploads\/2024\/07\/Logo_TU.color_.png","contentUrl":"https:\/\/tudisenodecoracion.com\/tudecoraciontienda\/wp-content\/uploads\/2024\/07\/Logo_TU.color_.png","width":1991,"height":1991,"caption":"Tu Dise\u00f1o Decoraci\u00f3n"},"image":{"@id":"https:\/\/tudisenodecoracion.com\/tudecoraciontienda\/#\/schema\/logo\/image\/"}}]}},"_links":{"self":[{"href":"https:\/\/tudisenodecoracion.com\/tudecoraciontienda\/wp-json\/wp\/v2\/product\/7335","targetHints":{"allow":["GET"]}}],"collection":[{"href":"https:\/\/tudisenodecoracion.com\/tudecoraciontienda\/wp-json\/wp\/v2\/product"}],"about":[{"href":"https:\/\/tudisenodecoracion.com\/tudecoraciontienda\/wp-json\/wp\/v2\/types\/product"}],"version-history":[{"count":6,"href":"https:\/\/tudisenodecoracion.com\/tudecoraciontienda\/wp-json\/wp\/v2\/product\/7335\/revisions"}],"predecessor-version":[{"id":7408,"href":"https:\/\/tudisenodecoracion.com\/tudecoraciontienda\/wp-json\/wp\/v2\/product\/7335\/revisions\/7408"}],"wp:featuredmedia":[{"embeddable":true,"href":"https:\/\/tudisenodecoracion.com\/tudecoraciontienda\/wp-json\/wp\/v2\/media\/7336"}],"wp:attachment":[{"href":"https:\/\/tudisenodecoracion.com\/tudecoraciontienda\/wp-json\/wp\/v2\/media?parent=7335"}],"wp:term":[{"taxonomy":"product_brand","embeddable":true,"href":"https:\/\/tudisenodecoracion.com\/tudecoraciontienda\/wp-json\/wp\/v2\/product_brand?post=7335"},{"taxonomy":"product_cat","embeddable":true,"href":"https:\/\/tudisenodecoracion.com\/tudecoraciontienda\/wp-json\/wp\/v2\/product_cat?post=7335"},{"taxonomy":"product_tag","embeddable":true,"href":"https:\/\/tudisenodecoracion.com\/tudecoraciontienda\/wp-json\/wp\/v2\/product_tag?post=7335"}],"curies":[{"name":"wp","href":"https:\/\/api.w.org\/{rel}","templated":true}]}}