{"id":6879,"date":"2022-05-26T13:24:26","date_gmt":"2022-05-26T19:24:26","guid":{"rendered":"https:\/\/tudisenodecoracion.com\/tudecoraciontienda\/?post_type=product&#038;p=6879"},"modified":"2024-09-19T12:07:00","modified_gmt":"2024-09-19T19:07:00","slug":"buro-acento-dorvale","status":"publish","type":"product","link":"https:\/\/tudisenodecoracion.com\/tudecoraciontienda\/producto\/buro-acento-dorvale\/","title":{"rendered":"Bur\u00f3 acento Dorvale"},"content":{"rendered":"<p style=\"text-align: center;\">Mant\u00e9n la frescura contempor\u00e1nea con este bur\u00f3 acento Dorvale. El acabado marr\u00f3n oscuro y los herrajes met\u00e1licos con acabado dorado aportan un toque urbano a esta soluci\u00f3n de almacenamiento.<\/p>\n<p style=\"text-align: center;\">El frente de la puerta con patr\u00f3n chevron a\u00f1ade un toque geom\u00e9trico, haciendo que esta mesa de acento sea imprescindible.<\/p>\n<p>Disfruta este y m\u00e1s productos en nuestra pagina, puedes inspirar <a href=\"https:\/\/pin.it\/1d5N3K9\" target=\"_blank\" rel=\"noopener\">Tu Decoraci\u00f3n con nuestro Pinterest!<\/a><\/p>\n<p><span style=\"color: #ffffff;\"><a style=\"color: #ffffff;\" href=\"https:\/\/tudisenodecoracion.com\/\">tudisenodecoracion.com<\/a><\/span><\/p>\n","protected":false},"excerpt":{"rendered":"<div class=\"textproduct\">\n<ul>\n<li><i class=\"icon ion-android-checkmark-circle\"><\/i>Hecho de madera maciza y de ingenier\u00eda en acabado marr\u00f3n oscuro<\/li>\n<li><i class=\"icon ion-android-checkmark-circle\"><\/i>Puerta con dise\u00f1o Chevron hi-lo<\/li>\n<li><i class=\"icon ion-android-checkmark-circle\"><\/i>Patas de metal y tirador de puerta en tono dorado<\/li>\n<li><i class=\"icon ion-android-checkmark-circle\"><\/i>1 puerta y 1 estante<\/li>\n<\/ul>\n<\/div>\n","protected":false},"featured_media":6880,"template":"","meta":[],"product_brand":[],"product_cat":[98,18,19,21,25],"product_tag":[],"class_list":{"0":"post-6879","1":"product","2":"type-product","3":"status-publish","4":"has-post-thumbnail","6":"product_cat-buros","7":"product_cat-dormitorio","8":"product_cat-mesas","9":"product_cat-muebles","10":"product_cat-todo-mesas","11":"product_shipping_class-acentos","12":"entry","13":"has-media","15":"first","16":"outofstock","17":"taxable","18":"shipping-taxable","19":"purchasable","20":"product-type-simple","21":"col","22":"span_1_of_4","23":"wvn-content-center","24":"wvn-thumbs-layout-horizontal","25":"wvn-btn-normal","26":"wvn-tabs-layout-horizontal"},"yoast_head":"<!-- This site is optimized with the Yoast SEO plugin v27.1.1 - https:\/\/yoast.com\/product\/yoast-seo-wordpress\/ -->\n<title>Bur\u00f3 acento Dorvale - Tu Dise\u00f1o Decoraci\u00f3n<\/title>\n<meta name=\"description\" content=\"Bur\u00f3 acento Dorvale elaborado con madera mazcisa y un gran dise\u00f1o. Este y m\u00e1s productos para mejorar Tu espacio con Tu estilo.\" \/>\n<meta name=\"robots\" content=\"index, follow, max-snippet:-1, max-image-preview:large, max-video-preview:-1\" \/>\n<link rel=\"canonical\" href=\"https:\/\/tudisenodecoracion.com\/tudecoraciontienda\/producto\/buro-acento-dorvale\/\" \/>\n<meta property=\"og:locale\" content=\"es_MX\" \/>\n<meta property=\"og:type\" content=\"article\" \/>\n<meta property=\"og:title\" content=\"Bur\u00f3 acento Dorvale\" \/>\n<meta property=\"og:description\" content=\"Bur\u00f3 acento Dorvale elaborado con madera mazcisa y un gran dise\u00f1o. Este y m\u00e1s productos para mejorar Tu espacio con Tu estilo.\" \/>\n<meta property=\"og:url\" content=\"https:\/\/tudisenodecoracion.com\/tudecoraciontienda\/producto\/buro-acento-dorvale\/\" \/>\n<meta property=\"og:site_name\" content=\"Tu Dise\u00f1o Decoraci\u00f3n\" \/>\n<meta property=\"article:modified_time\" content=\"2024-09-19T19:07:00+00:00\" \/>\n<meta property=\"og:image\" content=\"https:\/\/tudisenodecoracion.com\/tudecoraciontienda\/wp-content\/uploads\/2022\/05\/ASH-A4000265.jpg\" \/>\n\t<meta property=\"og:image:width\" content=\"800\" \/>\n\t<meta property=\"og:image:height\" content=\"800\" \/>\n\t<meta property=\"og:image:type\" content=\"image\/jpeg\" \/>\n<meta name=\"twitter:card\" content=\"summary_large_image\" \/>\n<meta name=\"twitter:title\" content=\"Bur\u00f3 acento Dorvale\" \/>\n<meta name=\"twitter:description\" content=\"Bur\u00f3 acento Dorvale elaborado con madera mazcisa y un gran dise\u00f1o. Este y m\u00e1s productos para mejorar Tu espacio con Tu estilo.\" \/>\n<meta name=\"twitter:image\" content=\"https:\/\/tudisenodecoracion.com\/tudecoraciontienda\/wp-content\/uploads\/2022\/05\/ASH-A4000265.jpg\" \/>\n<meta name=\"twitter:label1\" content=\"Tiempo de lectura\" \/>\n\t<meta name=\"twitter:data1\" content=\"1 minuto\" \/>\n<script type=\"application\/ld+json\" class=\"yoast-schema-graph\">{\"@context\":\"https:\/\/schema.org\",\"@graph\":[{\"@type\":\"WebPage\",\"@id\":\"https:\/\/tudisenodecoracion.com\/tudecoraciontienda\/producto\/buro-acento-dorvale\/\",\"url\":\"https:\/\/tudisenodecoracion.com\/tudecoraciontienda\/producto\/buro-acento-dorvale\/\",\"name\":\"Bur\u00f3 acento Dorvale - Tu Dise\u00f1o Decoraci\u00f3n\",\"isPartOf\":{\"@id\":\"https:\/\/tudisenodecoracion.com\/tudecoraciontienda\/#website\"},\"primaryImageOfPage\":{\"@id\":\"https:\/\/tudisenodecoracion.com\/tudecoraciontienda\/producto\/buro-acento-dorvale\/#primaryimage\"},\"image\":{\"@id\":\"https:\/\/tudisenodecoracion.com\/tudecoraciontienda\/producto\/buro-acento-dorvale\/#primaryimage\"},\"thumbnailUrl\":\"https:\/\/tudisenodecoracion.com\/tudecoraciontienda\/wp-content\/uploads\/2022\/05\/ASH-A4000265.jpg\",\"datePublished\":\"2022-05-26T19:24:26+00:00\",\"dateModified\":\"2024-09-19T19:07:00+00:00\",\"description\":\"Bur\u00f3 acento Dorvale elaborado con madera mazcisa y un gran dise\u00f1o. Este y m\u00e1s productos para mejorar Tu espacio con Tu estilo.\",\"breadcrumb\":{\"@id\":\"https:\/\/tudisenodecoracion.com\/tudecoraciontienda\/producto\/buro-acento-dorvale\/#breadcrumb\"},\"inLanguage\":\"es\",\"potentialAction\":[{\"@type\":\"ReadAction\",\"target\":[\"https:\/\/tudisenodecoracion.com\/tudecoraciontienda\/producto\/buro-acento-dorvale\/\"]}]},{\"@type\":\"ImageObject\",\"inLanguage\":\"es\",\"@id\":\"https:\/\/tudisenodecoracion.com\/tudecoraciontienda\/producto\/buro-acento-dorvale\/#primaryimage\",\"url\":\"https:\/\/tudisenodecoracion.com\/tudecoraciontienda\/wp-content\/uploads\/2022\/05\/ASH-A4000265.jpg\",\"contentUrl\":\"https:\/\/tudisenodecoracion.com\/tudecoraciontienda\/wp-content\/uploads\/2022\/05\/ASH-A4000265.jpg\",\"width\":800,\"height\":800,\"caption\":\"Buro acento Dorvale\"},{\"@type\":\"BreadcrumbList\",\"@id\":\"https:\/\/tudisenodecoracion.com\/tudecoraciontienda\/producto\/buro-acento-dorvale\/#breadcrumb\",\"itemListElement\":[{\"@type\":\"ListItem\",\"position\":1,\"name\":\"Inicio\",\"item\":\"https:\/\/tudisenodecoracion.com\/tudecoraciontienda\/\"},{\"@type\":\"ListItem\",\"position\":2,\"name\":\"Tienda\",\"item\":\"https:\/\/tudisenodecoracion.com\/tudecoraciontienda\/tienda\/\"},{\"@type\":\"ListItem\",\"position\":3,\"name\":\"Bur\u00f3 acento Dorvale\"}]},{\"@type\":\"WebSite\",\"@id\":\"https:\/\/tudisenodecoracion.com\/tudecoraciontienda\/#website\",\"url\":\"https:\/\/tudisenodecoracion.com\/tudecoraciontienda\/\",\"name\":\"Tu Dise\u00f1o Decoraci\u00f3n\",\"description\":\"Creamos espacios MUY T\u00da.\",\"publisher\":{\"@id\":\"https:\/\/tudisenodecoracion.com\/tudecoraciontienda\/#organization\"},\"potentialAction\":[{\"@type\":\"SearchAction\",\"target\":{\"@type\":\"EntryPoint\",\"urlTemplate\":\"https:\/\/tudisenodecoracion.com\/tudecoraciontienda\/?s={search_term_string}\"},\"query-input\":{\"@type\":\"PropertyValueSpecification\",\"valueRequired\":true,\"valueName\":\"search_term_string\"}}],\"inLanguage\":\"es\"},{\"@type\":\"Organization\",\"@id\":\"https:\/\/tudisenodecoracion.com\/tudecoraciontienda\/#organization\",\"name\":\"Tu Dise\u00f1o Decoraci\u00f3n\",\"url\":\"https:\/\/tudisenodecoracion.com\/tudecoraciontienda\/\",\"logo\":{\"@type\":\"ImageObject\",\"inLanguage\":\"es\",\"@id\":\"https:\/\/tudisenodecoracion.com\/tudecoraciontienda\/#\/schema\/logo\/image\/\",\"url\":\"https:\/\/tudisenodecoracion.com\/tudecoraciontienda\/wp-content\/uploads\/2024\/07\/Logo_TU.color_.png\",\"contentUrl\":\"https:\/\/tudisenodecoracion.com\/tudecoraciontienda\/wp-content\/uploads\/2024\/07\/Logo_TU.color_.png\",\"width\":1991,\"height\":1991,\"caption\":\"Tu Dise\u00f1o Decoraci\u00f3n\"},\"image\":{\"@id\":\"https:\/\/tudisenodecoracion.com\/tudecoraciontienda\/#\/schema\/logo\/image\/\"}}]}<\/script>\n<!-- \/ Yoast SEO plugin. -->","yoast_head_json":{"title":"Bur\u00f3 acento Dorvale - Tu Dise\u00f1o Decoraci\u00f3n","description":"Bur\u00f3 acento Dorvale elaborado con madera mazcisa y un gran dise\u00f1o. Este y m\u00e1s productos para mejorar Tu espacio con Tu estilo.","robots":{"index":"index","follow":"follow","max-snippet":"max-snippet:-1","max-image-preview":"max-image-preview:large","max-video-preview":"max-video-preview:-1"},"canonical":"https:\/\/tudisenodecoracion.com\/tudecoraciontienda\/producto\/buro-acento-dorvale\/","og_locale":"es_MX","og_type":"article","og_title":"Bur\u00f3 acento Dorvale","og_description":"Bur\u00f3 acento Dorvale elaborado con madera mazcisa y un gran dise\u00f1o. Este y m\u00e1s productos para mejorar Tu espacio con Tu estilo.","og_url":"https:\/\/tudisenodecoracion.com\/tudecoraciontienda\/producto\/buro-acento-dorvale\/","og_site_name":"Tu Dise\u00f1o Decoraci\u00f3n","article_modified_time":"2024-09-19T19:07:00+00:00","og_image":[{"width":800,"height":800,"url":"https:\/\/tudisenodecoracion.com\/tudecoraciontienda\/wp-content\/uploads\/2022\/05\/ASH-A4000265.jpg","type":"image\/jpeg"}],"twitter_card":"summary_large_image","twitter_title":"Bur\u00f3 acento Dorvale","twitter_description":"Bur\u00f3 acento Dorvale elaborado con madera mazcisa y un gran dise\u00f1o. Este y m\u00e1s productos para mejorar Tu espacio con Tu estilo.","twitter_image":"https:\/\/tudisenodecoracion.com\/tudecoraciontienda\/wp-content\/uploads\/2022\/05\/ASH-A4000265.jpg","twitter_misc":{"Tiempo de lectura":"1 minuto"},"schema":{"@context":"https:\/\/schema.org","@graph":[{"@type":"WebPage","@id":"https:\/\/tudisenodecoracion.com\/tudecoraciontienda\/producto\/buro-acento-dorvale\/","url":"https:\/\/tudisenodecoracion.com\/tudecoraciontienda\/producto\/buro-acento-dorvale\/","name":"Bur\u00f3 acento Dorvale - Tu Dise\u00f1o Decoraci\u00f3n","isPartOf":{"@id":"https:\/\/tudisenodecoracion.com\/tudecoraciontienda\/#website"},"primaryImageOfPage":{"@id":"https:\/\/tudisenodecoracion.com\/tudecoraciontienda\/producto\/buro-acento-dorvale\/#primaryimage"},"image":{"@id":"https:\/\/tudisenodecoracion.com\/tudecoraciontienda\/producto\/buro-acento-dorvale\/#primaryimage"},"thumbnailUrl":"https:\/\/tudisenodecoracion.com\/tudecoraciontienda\/wp-content\/uploads\/2022\/05\/ASH-A4000265.jpg","datePublished":"2022-05-26T19:24:26+00:00","dateModified":"2024-09-19T19:07:00+00:00","description":"Bur\u00f3 acento Dorvale elaborado con madera mazcisa y un gran dise\u00f1o. Este y m\u00e1s productos para mejorar Tu espacio con Tu estilo.","breadcrumb":{"@id":"https:\/\/tudisenodecoracion.com\/tudecoraciontienda\/producto\/buro-acento-dorvale\/#breadcrumb"},"inLanguage":"es","potentialAction":[{"@type":"ReadAction","target":["https:\/\/tudisenodecoracion.com\/tudecoraciontienda\/producto\/buro-acento-dorvale\/"]}]},{"@type":"ImageObject","inLanguage":"es","@id":"https:\/\/tudisenodecoracion.com\/tudecoraciontienda\/producto\/buro-acento-dorvale\/#primaryimage","url":"https:\/\/tudisenodecoracion.com\/tudecoraciontienda\/wp-content\/uploads\/2022\/05\/ASH-A4000265.jpg","contentUrl":"https:\/\/tudisenodecoracion.com\/tudecoraciontienda\/wp-content\/uploads\/2022\/05\/ASH-A4000265.jpg","width":800,"height":800,"caption":"Buro acento Dorvale"},{"@type":"BreadcrumbList","@id":"https:\/\/tudisenodecoracion.com\/tudecoraciontienda\/producto\/buro-acento-dorvale\/#breadcrumb","itemListElement":[{"@type":"ListItem","position":1,"name":"Inicio","item":"https:\/\/tudisenodecoracion.com\/tudecoraciontienda\/"},{"@type":"ListItem","position":2,"name":"Tienda","item":"https:\/\/tudisenodecoracion.com\/tudecoraciontienda\/tienda\/"},{"@type":"ListItem","position":3,"name":"Bur\u00f3 acento Dorvale"}]},{"@type":"WebSite","@id":"https:\/\/tudisenodecoracion.com\/tudecoraciontienda\/#website","url":"https:\/\/tudisenodecoracion.com\/tudecoraciontienda\/","name":"Tu Dise\u00f1o Decoraci\u00f3n","description":"Creamos espacios MUY T\u00da.","publisher":{"@id":"https:\/\/tudisenodecoracion.com\/tudecoraciontienda\/#organization"},"potentialAction":[{"@type":"SearchAction","target":{"@type":"EntryPoint","urlTemplate":"https:\/\/tudisenodecoracion.com\/tudecoraciontienda\/?s={search_term_string}"},"query-input":{"@type":"PropertyValueSpecification","valueRequired":true,"valueName":"search_term_string"}}],"inLanguage":"es"},{"@type":"Organization","@id":"https:\/\/tudisenodecoracion.com\/tudecoraciontienda\/#organization","name":"Tu Dise\u00f1o Decoraci\u00f3n","url":"https:\/\/tudisenodecoracion.com\/tudecoraciontienda\/","logo":{"@type":"ImageObject","inLanguage":"es","@id":"https:\/\/tudisenodecoracion.com\/tudecoraciontienda\/#\/schema\/logo\/image\/","url":"https:\/\/tudisenodecoracion.com\/tudecoraciontienda\/wp-content\/uploads\/2024\/07\/Logo_TU.color_.png","contentUrl":"https:\/\/tudisenodecoracion.com\/tudecoraciontienda\/wp-content\/uploads\/2024\/07\/Logo_TU.color_.png","width":1991,"height":1991,"caption":"Tu Dise\u00f1o Decoraci\u00f3n"},"image":{"@id":"https:\/\/tudisenodecoracion.com\/tudecoraciontienda\/#\/schema\/logo\/image\/"}}]}},"_links":{"self":[{"href":"https:\/\/tudisenodecoracion.com\/tudecoraciontienda\/wp-json\/wp\/v2\/product\/6879","targetHints":{"allow":["GET"]}}],"collection":[{"href":"https:\/\/tudisenodecoracion.com\/tudecoraciontienda\/wp-json\/wp\/v2\/product"}],"about":[{"href":"https:\/\/tudisenodecoracion.com\/tudecoraciontienda\/wp-json\/wp\/v2\/types\/product"}],"version-history":[{"count":5,"href":"https:\/\/tudisenodecoracion.com\/tudecoraciontienda\/wp-json\/wp\/v2\/product\/6879\/revisions"}],"predecessor-version":[{"id":7708,"href":"https:\/\/tudisenodecoracion.com\/tudecoraciontienda\/wp-json\/wp\/v2\/product\/6879\/revisions\/7708"}],"wp:featuredmedia":[{"embeddable":true,"href":"https:\/\/tudisenodecoracion.com\/tudecoraciontienda\/wp-json\/wp\/v2\/media\/6880"}],"wp:attachment":[{"href":"https:\/\/tudisenodecoracion.com\/tudecoraciontienda\/wp-json\/wp\/v2\/media?parent=6879"}],"wp:term":[{"taxonomy":"product_brand","embeddable":true,"href":"https:\/\/tudisenodecoracion.com\/tudecoraciontienda\/wp-json\/wp\/v2\/product_brand?post=6879"},{"taxonomy":"product_cat","embeddable":true,"href":"https:\/\/tudisenodecoracion.com\/tudecoraciontienda\/wp-json\/wp\/v2\/product_cat?post=6879"},{"taxonomy":"product_tag","embeddable":true,"href":"https:\/\/tudisenodecoracion.com\/tudecoraciontienda\/wp-json\/wp\/v2\/product_tag?post=6879"}],"curies":[{"name":"wp","href":"https:\/\/api.w.org\/{rel}","templated":true}]}}