{"id":6295,"date":"2022-05-18T14:51:00","date_gmt":"2022-05-18T20:51:00","guid":{"rendered":"https:\/\/tudisenodecoracion.com\/tudecoraciontienda\/?post_type=product&#038;p=6295"},"modified":"2024-07-06T14:01:45","modified_gmt":"2024-07-06T21:01:45","slug":"silla-acento-naranja","status":"publish","type":"product","link":"https:\/\/tudisenodecoracion.com\/tudecoraciontienda\/producto\/silla-acento-naranja\/","title":{"rendered":"Silla acento naranja"},"content":{"rendered":"<p style=\"text-align: center;\">Perfecta para un hogar moderno de mediados de siglo, esta silla acento naranja cuenta con una tapicer\u00eda de terciopelo de colores atrevidos. Apoyada en una base met\u00e1lica fina de estilo entrecruzado en acabado met\u00e1lico negro, esta silla ofrece un aspecto abierto y aireado.<\/p>\n<p style=\"text-align: center;\">Coloque esta silla acento naranja en una esquina para suavizar la habitaci\u00f3n. Adem\u00e1s, esta silla de acento hace una adici\u00f3n llamativa en una sala de estar contempor\u00e1nea o de transici\u00f3n.<\/p>\n<p>Disfruta este y m\u00e1s productos en nuestra pagina, puedes inspirar <a href=\"https:\/\/pin.it\/1d5N3K9\" target=\"_blank\" rel=\"noopener\">Tu Decoraci\u00f3n con nuestro Pinterest!<\/a><\/p>\n<p><span style=\"color: #ffffff;\"><a style=\"color: #ffffff;\" href=\"https:\/\/tudisenodecoracion.com\/\">tudisenodecoracion.com<\/a><\/span><\/p>\n<p>&nbsp;<\/p>\n","protected":false},"excerpt":{"rendered":"<div class=\"textproduct\">\n<ul>\n<li><i class=\"icon ion-android-checkmark-circle\"><\/i>Silla acento de perfil bajo<\/li>\n<li><i class=\"icon ion-android-checkmark-circle\"><\/i>Coj\u00edn de asiento y respaldo de rejilla lujoso<\/li>\n<li><i class=\"icon ion-android-checkmark-circle\"><\/i>Moderna base de metal negro<\/li>\n<li><i class=\"icon ion-android-checkmark-circle\"><\/i>Color: Naranja quemado<\/li>\n<li><i class=\"icon ion-android-checkmark-circle\"><\/i>Tapizado: Terciopelo<\/li>\n<li><i class=\"icon ion-android-checkmark-circle\"><\/i>Acabado de las patas: Negro<\/li>\n<\/ul>\n<\/div>\n","protected":false},"featured_media":6296,"template":"","meta":[],"product_brand":[],"product_cat":[22,18,21,23,16,67,69],"product_tag":[],"class_list":{"0":"post-6295","1":"product","2":"type-product","3":"status-publish","4":"has-post-thumbnail","6":"product_cat-area-kids","7":"product_cat-dormitorio","8":"product_cat-muebles","9":"product_cat-oficina","10":"product_cat-sala","11":"product_cat-sillas","12":"product_cat-todas-las-sillas","13":"product_shipping_class-acentos","14":"entry","15":"has-media","17":"first","18":"outofstock","19":"taxable","20":"shipping-taxable","21":"purchasable","22":"product-type-simple","23":"col","24":"span_1_of_4","25":"wvn-content-center","26":"wvn-thumbs-layout-horizontal","27":"wvn-btn-normal","28":"wvn-tabs-layout-horizontal"},"yoast_head":"<!-- This site is optimized with the Yoast SEO plugin v27.1.1 - https:\/\/yoast.com\/product\/yoast-seo-wordpress\/ -->\n<title>Silla acento naranja - Tu Dise\u00f1o Decoraci\u00f3n<\/title>\n<meta name=\"description\" content=\"Silla acento naranja elaborado con un marco de metal negro y terciopelo. Este y m\u00e1s productos para mejorar Tu espacio con Tu estilo en nuestra tienda online\" \/>\n<meta name=\"robots\" content=\"index, follow, max-snippet:-1, max-image-preview:large, max-video-preview:-1\" \/>\n<link rel=\"canonical\" href=\"https:\/\/tudisenodecoracion.com\/tudecoraciontienda\/producto\/silla-acento-naranja\/\" \/>\n<meta property=\"og:locale\" content=\"es_MX\" \/>\n<meta property=\"og:type\" content=\"article\" \/>\n<meta property=\"og:title\" content=\"Silla acento naranja\" \/>\n<meta property=\"og:description\" content=\"Silla acento naranja elaborado con un marco de metal negro y terciopelo. Este y m\u00e1s productos para mejorar Tu espacio con Tu estilo en nuestra tienda online\" \/>\n<meta property=\"og:url\" content=\"https:\/\/tudisenodecoracion.com\/tudecoraciontienda\/producto\/silla-acento-naranja\/\" \/>\n<meta property=\"og:site_name\" content=\"Tu Dise\u00f1o Decoraci\u00f3n\" \/>\n<meta property=\"article:modified_time\" content=\"2024-07-06T21:01:45+00:00\" \/>\n<meta property=\"og:image\" content=\"https:\/\/tudisenodecoracion.com\/tudecoraciontienda\/wp-content\/uploads\/2022\/05\/CS-903836.jpg\" \/>\n\t<meta property=\"og:image:width\" content=\"800\" \/>\n\t<meta property=\"og:image:height\" content=\"800\" \/>\n\t<meta property=\"og:image:type\" content=\"image\/jpeg\" \/>\n<meta name=\"twitter:card\" content=\"summary_large_image\" \/>\n<meta name=\"twitter:title\" content=\"Silla acento naranja\" \/>\n<meta name=\"twitter:description\" content=\"Silla acento naranja elaborado con un marco de metal negro y terciopelo. Este y m\u00e1s productos para mejorar Tu espacio con Tu estilo en nuestra tienda online\" \/>\n<meta name=\"twitter:image\" content=\"https:\/\/tudisenodecoracion.com\/tudecoraciontienda\/wp-content\/uploads\/2022\/05\/CS-903836.jpg\" \/>\n<meta name=\"twitter:label1\" content=\"Tiempo de lectura\" \/>\n\t<meta name=\"twitter:data1\" content=\"1 minuto\" \/>\n<script type=\"application\/ld+json\" class=\"yoast-schema-graph\">{\"@context\":\"https:\/\/schema.org\",\"@graph\":[{\"@type\":\"WebPage\",\"@id\":\"https:\/\/tudisenodecoracion.com\/tudecoraciontienda\/producto\/silla-acento-naranja\/\",\"url\":\"https:\/\/tudisenodecoracion.com\/tudecoraciontienda\/producto\/silla-acento-naranja\/\",\"name\":\"Silla acento naranja - Tu Dise\u00f1o Decoraci\u00f3n\",\"isPartOf\":{\"@id\":\"https:\/\/tudisenodecoracion.com\/tudecoraciontienda\/#website\"},\"primaryImageOfPage\":{\"@id\":\"https:\/\/tudisenodecoracion.com\/tudecoraciontienda\/producto\/silla-acento-naranja\/#primaryimage\"},\"image\":{\"@id\":\"https:\/\/tudisenodecoracion.com\/tudecoraciontienda\/producto\/silla-acento-naranja\/#primaryimage\"},\"thumbnailUrl\":\"https:\/\/tudisenodecoracion.com\/tudecoraciontienda\/wp-content\/uploads\/2022\/05\/CS-903836.jpg\",\"datePublished\":\"2022-05-18T20:51:00+00:00\",\"dateModified\":\"2024-07-06T21:01:45+00:00\",\"description\":\"Silla acento naranja elaborado con un marco de metal negro y terciopelo. Este y m\u00e1s productos para mejorar Tu espacio con Tu estilo en nuestra tienda online\",\"breadcrumb\":{\"@id\":\"https:\/\/tudisenodecoracion.com\/tudecoraciontienda\/producto\/silla-acento-naranja\/#breadcrumb\"},\"inLanguage\":\"es\",\"potentialAction\":[{\"@type\":\"ReadAction\",\"target\":[\"https:\/\/tudisenodecoracion.com\/tudecoraciontienda\/producto\/silla-acento-naranja\/\"]}]},{\"@type\":\"ImageObject\",\"inLanguage\":\"es\",\"@id\":\"https:\/\/tudisenodecoracion.com\/tudecoraciontienda\/producto\/silla-acento-naranja\/#primaryimage\",\"url\":\"https:\/\/tudisenodecoracion.com\/tudecoraciontienda\/wp-content\/uploads\/2022\/05\/CS-903836.jpg\",\"contentUrl\":\"https:\/\/tudisenodecoracion.com\/tudecoraciontienda\/wp-content\/uploads\/2022\/05\/CS-903836.jpg\",\"width\":800,\"height\":800,\"caption\":\"Silla acento naranja\"},{\"@type\":\"BreadcrumbList\",\"@id\":\"https:\/\/tudisenodecoracion.com\/tudecoraciontienda\/producto\/silla-acento-naranja\/#breadcrumb\",\"itemListElement\":[{\"@type\":\"ListItem\",\"position\":1,\"name\":\"Inicio\",\"item\":\"https:\/\/tudisenodecoracion.com\/tudecoraciontienda\/\"},{\"@type\":\"ListItem\",\"position\":2,\"name\":\"Tienda\",\"item\":\"https:\/\/tudisenodecoracion.com\/tudecoraciontienda\/tienda\/\"},{\"@type\":\"ListItem\",\"position\":3,\"name\":\"Silla acento naranja\"}]},{\"@type\":\"WebSite\",\"@id\":\"https:\/\/tudisenodecoracion.com\/tudecoraciontienda\/#website\",\"url\":\"https:\/\/tudisenodecoracion.com\/tudecoraciontienda\/\",\"name\":\"Tu Dise\u00f1o Decoraci\u00f3n\",\"description\":\"Creamos espacios MUY T\u00da.\",\"publisher\":{\"@id\":\"https:\/\/tudisenodecoracion.com\/tudecoraciontienda\/#organization\"},\"potentialAction\":[{\"@type\":\"SearchAction\",\"target\":{\"@type\":\"EntryPoint\",\"urlTemplate\":\"https:\/\/tudisenodecoracion.com\/tudecoraciontienda\/?s={search_term_string}\"},\"query-input\":{\"@type\":\"PropertyValueSpecification\",\"valueRequired\":true,\"valueName\":\"search_term_string\"}}],\"inLanguage\":\"es\"},{\"@type\":\"Organization\",\"@id\":\"https:\/\/tudisenodecoracion.com\/tudecoraciontienda\/#organization\",\"name\":\"Tu Dise\u00f1o Decoraci\u00f3n\",\"url\":\"https:\/\/tudisenodecoracion.com\/tudecoraciontienda\/\",\"logo\":{\"@type\":\"ImageObject\",\"inLanguage\":\"es\",\"@id\":\"https:\/\/tudisenodecoracion.com\/tudecoraciontienda\/#\/schema\/logo\/image\/\",\"url\":\"https:\/\/tudisenodecoracion.com\/tudecoraciontienda\/wp-content\/uploads\/2024\/07\/Logo_TU.color_.png\",\"contentUrl\":\"https:\/\/tudisenodecoracion.com\/tudecoraciontienda\/wp-content\/uploads\/2024\/07\/Logo_TU.color_.png\",\"width\":1991,\"height\":1991,\"caption\":\"Tu Dise\u00f1o Decoraci\u00f3n\"},\"image\":{\"@id\":\"https:\/\/tudisenodecoracion.com\/tudecoraciontienda\/#\/schema\/logo\/image\/\"}}]}<\/script>\n<!-- \/ Yoast SEO plugin. -->","yoast_head_json":{"title":"Silla acento naranja - Tu Dise\u00f1o Decoraci\u00f3n","description":"Silla acento naranja elaborado con un marco de metal negro y terciopelo. Este y m\u00e1s productos para mejorar Tu espacio con Tu estilo en nuestra tienda online","robots":{"index":"index","follow":"follow","max-snippet":"max-snippet:-1","max-image-preview":"max-image-preview:large","max-video-preview":"max-video-preview:-1"},"canonical":"https:\/\/tudisenodecoracion.com\/tudecoraciontienda\/producto\/silla-acento-naranja\/","og_locale":"es_MX","og_type":"article","og_title":"Silla acento naranja","og_description":"Silla acento naranja elaborado con un marco de metal negro y terciopelo. Este y m\u00e1s productos para mejorar Tu espacio con Tu estilo en nuestra tienda online","og_url":"https:\/\/tudisenodecoracion.com\/tudecoraciontienda\/producto\/silla-acento-naranja\/","og_site_name":"Tu Dise\u00f1o Decoraci\u00f3n","article_modified_time":"2024-07-06T21:01:45+00:00","og_image":[{"width":800,"height":800,"url":"https:\/\/tudisenodecoracion.com\/tudecoraciontienda\/wp-content\/uploads\/2022\/05\/CS-903836.jpg","type":"image\/jpeg"}],"twitter_card":"summary_large_image","twitter_title":"Silla acento naranja","twitter_description":"Silla acento naranja elaborado con un marco de metal negro y terciopelo. Este y m\u00e1s productos para mejorar Tu espacio con Tu estilo en nuestra tienda online","twitter_image":"https:\/\/tudisenodecoracion.com\/tudecoraciontienda\/wp-content\/uploads\/2022\/05\/CS-903836.jpg","twitter_misc":{"Tiempo de lectura":"1 minuto"},"schema":{"@context":"https:\/\/schema.org","@graph":[{"@type":"WebPage","@id":"https:\/\/tudisenodecoracion.com\/tudecoraciontienda\/producto\/silla-acento-naranja\/","url":"https:\/\/tudisenodecoracion.com\/tudecoraciontienda\/producto\/silla-acento-naranja\/","name":"Silla acento naranja - Tu Dise\u00f1o Decoraci\u00f3n","isPartOf":{"@id":"https:\/\/tudisenodecoracion.com\/tudecoraciontienda\/#website"},"primaryImageOfPage":{"@id":"https:\/\/tudisenodecoracion.com\/tudecoraciontienda\/producto\/silla-acento-naranja\/#primaryimage"},"image":{"@id":"https:\/\/tudisenodecoracion.com\/tudecoraciontienda\/producto\/silla-acento-naranja\/#primaryimage"},"thumbnailUrl":"https:\/\/tudisenodecoracion.com\/tudecoraciontienda\/wp-content\/uploads\/2022\/05\/CS-903836.jpg","datePublished":"2022-05-18T20:51:00+00:00","dateModified":"2024-07-06T21:01:45+00:00","description":"Silla acento naranja elaborado con un marco de metal negro y terciopelo. Este y m\u00e1s productos para mejorar Tu espacio con Tu estilo en nuestra tienda online","breadcrumb":{"@id":"https:\/\/tudisenodecoracion.com\/tudecoraciontienda\/producto\/silla-acento-naranja\/#breadcrumb"},"inLanguage":"es","potentialAction":[{"@type":"ReadAction","target":["https:\/\/tudisenodecoracion.com\/tudecoraciontienda\/producto\/silla-acento-naranja\/"]}]},{"@type":"ImageObject","inLanguage":"es","@id":"https:\/\/tudisenodecoracion.com\/tudecoraciontienda\/producto\/silla-acento-naranja\/#primaryimage","url":"https:\/\/tudisenodecoracion.com\/tudecoraciontienda\/wp-content\/uploads\/2022\/05\/CS-903836.jpg","contentUrl":"https:\/\/tudisenodecoracion.com\/tudecoraciontienda\/wp-content\/uploads\/2022\/05\/CS-903836.jpg","width":800,"height":800,"caption":"Silla acento naranja"},{"@type":"BreadcrumbList","@id":"https:\/\/tudisenodecoracion.com\/tudecoraciontienda\/producto\/silla-acento-naranja\/#breadcrumb","itemListElement":[{"@type":"ListItem","position":1,"name":"Inicio","item":"https:\/\/tudisenodecoracion.com\/tudecoraciontienda\/"},{"@type":"ListItem","position":2,"name":"Tienda","item":"https:\/\/tudisenodecoracion.com\/tudecoraciontienda\/tienda\/"},{"@type":"ListItem","position":3,"name":"Silla acento naranja"}]},{"@type":"WebSite","@id":"https:\/\/tudisenodecoracion.com\/tudecoraciontienda\/#website","url":"https:\/\/tudisenodecoracion.com\/tudecoraciontienda\/","name":"Tu Dise\u00f1o Decoraci\u00f3n","description":"Creamos espacios MUY T\u00da.","publisher":{"@id":"https:\/\/tudisenodecoracion.com\/tudecoraciontienda\/#organization"},"potentialAction":[{"@type":"SearchAction","target":{"@type":"EntryPoint","urlTemplate":"https:\/\/tudisenodecoracion.com\/tudecoraciontienda\/?s={search_term_string}"},"query-input":{"@type":"PropertyValueSpecification","valueRequired":true,"valueName":"search_term_string"}}],"inLanguage":"es"},{"@type":"Organization","@id":"https:\/\/tudisenodecoracion.com\/tudecoraciontienda\/#organization","name":"Tu Dise\u00f1o Decoraci\u00f3n","url":"https:\/\/tudisenodecoracion.com\/tudecoraciontienda\/","logo":{"@type":"ImageObject","inLanguage":"es","@id":"https:\/\/tudisenodecoracion.com\/tudecoraciontienda\/#\/schema\/logo\/image\/","url":"https:\/\/tudisenodecoracion.com\/tudecoraciontienda\/wp-content\/uploads\/2024\/07\/Logo_TU.color_.png","contentUrl":"https:\/\/tudisenodecoracion.com\/tudecoraciontienda\/wp-content\/uploads\/2024\/07\/Logo_TU.color_.png","width":1991,"height":1991,"caption":"Tu Dise\u00f1o Decoraci\u00f3n"},"image":{"@id":"https:\/\/tudisenodecoracion.com\/tudecoraciontienda\/#\/schema\/logo\/image\/"}}]}},"_links":{"self":[{"href":"https:\/\/tudisenodecoracion.com\/tudecoraciontienda\/wp-json\/wp\/v2\/product\/6295","targetHints":{"allow":["GET"]}}],"collection":[{"href":"https:\/\/tudisenodecoracion.com\/tudecoraciontienda\/wp-json\/wp\/v2\/product"}],"about":[{"href":"https:\/\/tudisenodecoracion.com\/tudecoraciontienda\/wp-json\/wp\/v2\/types\/product"}],"version-history":[{"count":4,"href":"https:\/\/tudisenodecoracion.com\/tudecoraciontienda\/wp-json\/wp\/v2\/product\/6295\/revisions"}],"predecessor-version":[{"id":7863,"href":"https:\/\/tudisenodecoracion.com\/tudecoraciontienda\/wp-json\/wp\/v2\/product\/6295\/revisions\/7863"}],"wp:featuredmedia":[{"embeddable":true,"href":"https:\/\/tudisenodecoracion.com\/tudecoraciontienda\/wp-json\/wp\/v2\/media\/6296"}],"wp:attachment":[{"href":"https:\/\/tudisenodecoracion.com\/tudecoraciontienda\/wp-json\/wp\/v2\/media?parent=6295"}],"wp:term":[{"taxonomy":"product_brand","embeddable":true,"href":"https:\/\/tudisenodecoracion.com\/tudecoraciontienda\/wp-json\/wp\/v2\/product_brand?post=6295"},{"taxonomy":"product_cat","embeddable":true,"href":"https:\/\/tudisenodecoracion.com\/tudecoraciontienda\/wp-json\/wp\/v2\/product_cat?post=6295"},{"taxonomy":"product_tag","embeddable":true,"href":"https:\/\/tudisenodecoracion.com\/tudecoraciontienda\/wp-json\/wp\/v2\/product_tag?post=6295"}],"curies":[{"name":"wp","href":"https:\/\/api.w.org\/{rel}","templated":true}]}}