{"id":13588,"date":"2025-01-28T17:19:02","date_gmt":"2025-01-29T00:19:02","guid":{"rendered":"https:\/\/tudisenodecoracion.com\/tudecoraciontienda\/?post_type=product&#038;p=13588"},"modified":"2025-12-22T10:28:30","modified_gmt":"2025-12-22T17:28:30","slug":"jarron-laton-obalado-31","status":"publish","type":"product","link":"https:\/\/tudisenodecoracion.com\/tudecoraciontienda\/producto\/jarron-laton-obalado-31\/","title":{"rendered":"Jarr\u00f3n Lat\u00f3n Obalado 31&#8243;"},"content":{"rendered":"<p style=\"text-align: center;\">Dise\u00f1ado con encanto robusto y vanguardista, donde los acabados met\u00e1licos y las materias primas se unen para crear una est\u00e9tica urbana que muestra su expresi\u00f3n art\u00edstica. Hecho de aluminio duradero, este jarr\u00f3n decorativo de lat\u00f3n est\u00e1 dise\u00f1ado para resistir la prueba del tiempo, asegurando que pueda disfrutar de su belleza en los pr\u00f3ximos a\u00f1os.<\/p>\n<p style=\"text-align: center;\">El jarr\u00f3n de decoraci\u00f3n para el hogar cono cuenta con un sofisticado color lat\u00f3n con un acabado brillante, a\u00f1adiendo un toque de lujo a cualquier espacio. El jarr\u00f3n de aluminio presenta un patr\u00f3n texturizado \u00fanico, que a\u00f1ade inter\u00e9s visual y profundidad a su apariencia general.<\/p>\n<p style=\"text-align: center;\"><span style=\"font-weight: 400;\">Disfruta este y m\u00e1s productos en nuestra p\u00e1gina, puedes inspirar<\/span><a href=\"https:\/\/pin.it\/1d5N3K9\"> <span style=\"font-weight: 400;\">Tu Decoraci\u00f3n con nuestro Pinterest!<\/span><\/a><span style=\"font-weight: 400;\"> Visita nuestro sitio web: <\/span><span style=\"font-weight: 400;\">\u00a0<\/span><a href=\"https:\/\/tudisenodecoracion.com\/\"><span style=\"font-weight: 400;\">tudisenodecoracion.com<\/span><\/a><\/p>\n","protected":false},"excerpt":{"rendered":"<div class=\"textproduct\">\n<ul>\n<li><i class=\"icon ion-android-checkmark-circle\"><\/i>Jarr\u00f3n de piso ancho con textura geom\u00e9trica de aluminio en lat\u00f3n con base elevada.<\/li>\n<li><i class=\"icon ion-android-checkmark-circle\"><\/i>Color: Lat\u00f3n<\/li>\n<li><i class=\"icon ion-android-checkmark-circle\"><\/i>Altura: 78.23 cm<\/li>\n<li><i class=\"icon ion-android-checkmark-circle\"><\/i>Longitud: 35.43 cm<\/li>\n<li><i class=\"icon ion-android-checkmark-circle\"><\/i>Anchura: 35.69 cm<\/li>\n<\/ul>\n<\/div>\n","protected":false},"featured_media":13589,"template":"","meta":[],"product_brand":[],"product_cat":[30,130,31,33],"product_tag":[659,670],"class_list":{"0":"post-13588","1":"product","2":"type-product","3":"status-publish","4":"has-post-thumbnail","6":"product_cat-accesorios","7":"product_cat-macetas-y-floreros","8":"product_cat-plantas","9":"product_cat-todo-plantas","10":"product_tag-estilo-glamuroso","11":"product_tag-estilo-lujoso","12":"entry","13":"has-media","15":"first","16":"outofstock","17":"taxable","18":"shipping-taxable","19":"purchasable","20":"product-type-simple","21":"col","22":"span_1_of_4","23":"wvn-content-center","24":"wvn-thumbs-layout-horizontal","25":"wvn-btn-normal","26":"wvn-tabs-layout-horizontal"},"yoast_head":"<!-- This site is optimized with the Yoast SEO plugin v27.1.1 - https:\/\/yoast.com\/product\/yoast-seo-wordpress\/ -->\n<title>Jarr\u00f3n Lat\u00f3n Obalado 31&quot; - Tu Dise\u00f1o Decoraci\u00f3n<\/title>\n<meta name=\"robots\" content=\"index, follow, max-snippet:-1, max-image-preview:large, max-video-preview:-1\" \/>\n<link rel=\"canonical\" href=\"https:\/\/tudisenodecoracion.com\/tudecoraciontienda\/producto\/jarron-laton-obalado-31\/\" \/>\n<meta property=\"og:locale\" content=\"es_MX\" \/>\n<meta property=\"og:type\" content=\"article\" \/>\n<meta property=\"og:title\" content=\"Jarr\u00f3n Lat\u00f3n Obalado 31&quot; - Tu Dise\u00f1o Decoraci\u00f3n\" \/>\n<meta property=\"og:description\" content=\"Jarr\u00f3n de piso ancho con textura geom\u00e9trica de aluminio en lat\u00f3n con base elevada.  Color: Lat\u00f3n  Altura: 78.23 cm  Longitud: 35.43 cm  Anchura: 35.69 cm\" \/>\n<meta property=\"og:url\" content=\"https:\/\/tudisenodecoracion.com\/tudecoraciontienda\/producto\/jarron-laton-obalado-31\/\" \/>\n<meta property=\"og:site_name\" content=\"Tu Dise\u00f1o Decoraci\u00f3n\" \/>\n<meta property=\"article:modified_time\" content=\"2025-12-22T17:28:30+00:00\" \/>\n<meta property=\"og:image\" content=\"https:\/\/tudisenodecoracion.com\/tudecoraciontienda\/wp-content\/uploads\/2024\/12\/UM-15105-1.png\" \/>\n\t<meta property=\"og:image:width\" content=\"800\" \/>\n\t<meta property=\"og:image:height\" content=\"800\" \/>\n\t<meta property=\"og:image:type\" content=\"image\/png\" \/>\n<meta name=\"twitter:card\" content=\"summary_large_image\" \/>\n<meta name=\"twitter:label1\" content=\"Tiempo de lectura\" \/>\n\t<meta name=\"twitter:data1\" content=\"1 minuto\" \/>\n<script type=\"application\/ld+json\" class=\"yoast-schema-graph\">{\"@context\":\"https:\/\/schema.org\",\"@graph\":[{\"@type\":\"WebPage\",\"@id\":\"https:\/\/tudisenodecoracion.com\/tudecoraciontienda\/producto\/jarron-laton-obalado-31\/\",\"url\":\"https:\/\/tudisenodecoracion.com\/tudecoraciontienda\/producto\/jarron-laton-obalado-31\/\",\"name\":\"Jarr\u00f3n Lat\u00f3n Obalado 31\\\" - Tu Dise\u00f1o Decoraci\u00f3n\",\"isPartOf\":{\"@id\":\"https:\/\/tudisenodecoracion.com\/tudecoraciontienda\/#website\"},\"primaryImageOfPage\":{\"@id\":\"https:\/\/tudisenodecoracion.com\/tudecoraciontienda\/producto\/jarron-laton-obalado-31\/#primaryimage\"},\"image\":{\"@id\":\"https:\/\/tudisenodecoracion.com\/tudecoraciontienda\/producto\/jarron-laton-obalado-31\/#primaryimage\"},\"thumbnailUrl\":\"https:\/\/tudisenodecoracion.com\/tudecoraciontienda\/wp-content\/uploads\/2024\/12\/UM-15105-1.png\",\"datePublished\":\"2025-01-29T00:19:02+00:00\",\"dateModified\":\"2025-12-22T17:28:30+00:00\",\"breadcrumb\":{\"@id\":\"https:\/\/tudisenodecoracion.com\/tudecoraciontienda\/producto\/jarron-laton-obalado-31\/#breadcrumb\"},\"inLanguage\":\"es\",\"potentialAction\":[{\"@type\":\"ReadAction\",\"target\":[\"https:\/\/tudisenodecoracion.com\/tudecoraciontienda\/producto\/jarron-laton-obalado-31\/\"]}]},{\"@type\":\"ImageObject\",\"inLanguage\":\"es\",\"@id\":\"https:\/\/tudisenodecoracion.com\/tudecoraciontienda\/producto\/jarron-laton-obalado-31\/#primaryimage\",\"url\":\"https:\/\/tudisenodecoracion.com\/tudecoraciontienda\/wp-content\/uploads\/2024\/12\/UM-15105-1.png\",\"contentUrl\":\"https:\/\/tudisenodecoracion.com\/tudecoraciontienda\/wp-content\/uploads\/2024\/12\/UM-15105-1.png\",\"width\":800,\"height\":800},{\"@type\":\"BreadcrumbList\",\"@id\":\"https:\/\/tudisenodecoracion.com\/tudecoraciontienda\/producto\/jarron-laton-obalado-31\/#breadcrumb\",\"itemListElement\":[{\"@type\":\"ListItem\",\"position\":1,\"name\":\"Inicio\",\"item\":\"https:\/\/tudisenodecoracion.com\/tudecoraciontienda\/\"},{\"@type\":\"ListItem\",\"position\":2,\"name\":\"Tienda\",\"item\":\"https:\/\/tudisenodecoracion.com\/tudecoraciontienda\/tienda\/\"},{\"@type\":\"ListItem\",\"position\":3,\"name\":\"Jarr\u00f3n Lat\u00f3n Obalado 31&#8243;\"}]},{\"@type\":\"WebSite\",\"@id\":\"https:\/\/tudisenodecoracion.com\/tudecoraciontienda\/#website\",\"url\":\"https:\/\/tudisenodecoracion.com\/tudecoraciontienda\/\",\"name\":\"Tu Dise\u00f1o Decoraci\u00f3n\",\"description\":\"Creamos espacios MUY T\u00da.\",\"publisher\":{\"@id\":\"https:\/\/tudisenodecoracion.com\/tudecoraciontienda\/#organization\"},\"potentialAction\":[{\"@type\":\"SearchAction\",\"target\":{\"@type\":\"EntryPoint\",\"urlTemplate\":\"https:\/\/tudisenodecoracion.com\/tudecoraciontienda\/?s={search_term_string}\"},\"query-input\":{\"@type\":\"PropertyValueSpecification\",\"valueRequired\":true,\"valueName\":\"search_term_string\"}}],\"inLanguage\":\"es\"},{\"@type\":\"Organization\",\"@id\":\"https:\/\/tudisenodecoracion.com\/tudecoraciontienda\/#organization\",\"name\":\"Tu Dise\u00f1o Decoraci\u00f3n\",\"url\":\"https:\/\/tudisenodecoracion.com\/tudecoraciontienda\/\",\"logo\":{\"@type\":\"ImageObject\",\"inLanguage\":\"es\",\"@id\":\"https:\/\/tudisenodecoracion.com\/tudecoraciontienda\/#\/schema\/logo\/image\/\",\"url\":\"https:\/\/tudisenodecoracion.com\/tudecoraciontienda\/wp-content\/uploads\/2024\/07\/Logo_TU.color_.png\",\"contentUrl\":\"https:\/\/tudisenodecoracion.com\/tudecoraciontienda\/wp-content\/uploads\/2024\/07\/Logo_TU.color_.png\",\"width\":1991,\"height\":1991,\"caption\":\"Tu Dise\u00f1o Decoraci\u00f3n\"},\"image\":{\"@id\":\"https:\/\/tudisenodecoracion.com\/tudecoraciontienda\/#\/schema\/logo\/image\/\"}}]}<\/script>\n<!-- \/ Yoast SEO plugin. -->","yoast_head_json":{"title":"Jarr\u00f3n Lat\u00f3n Obalado 31\" - Tu Dise\u00f1o Decoraci\u00f3n","robots":{"index":"index","follow":"follow","max-snippet":"max-snippet:-1","max-image-preview":"max-image-preview:large","max-video-preview":"max-video-preview:-1"},"canonical":"https:\/\/tudisenodecoracion.com\/tudecoraciontienda\/producto\/jarron-laton-obalado-31\/","og_locale":"es_MX","og_type":"article","og_title":"Jarr\u00f3n Lat\u00f3n Obalado 31\" - Tu Dise\u00f1o Decoraci\u00f3n","og_description":"Jarr\u00f3n de piso ancho con textura geom\u00e9trica de aluminio en lat\u00f3n con base elevada.  Color: Lat\u00f3n  Altura: 78.23 cm  Longitud: 35.43 cm  Anchura: 35.69 cm","og_url":"https:\/\/tudisenodecoracion.com\/tudecoraciontienda\/producto\/jarron-laton-obalado-31\/","og_site_name":"Tu Dise\u00f1o Decoraci\u00f3n","article_modified_time":"2025-12-22T17:28:30+00:00","og_image":[{"width":800,"height":800,"url":"https:\/\/tudisenodecoracion.com\/tudecoraciontienda\/wp-content\/uploads\/2024\/12\/UM-15105-1.png","type":"image\/png"}],"twitter_card":"summary_large_image","twitter_misc":{"Tiempo de lectura":"1 minuto"},"schema":{"@context":"https:\/\/schema.org","@graph":[{"@type":"WebPage","@id":"https:\/\/tudisenodecoracion.com\/tudecoraciontienda\/producto\/jarron-laton-obalado-31\/","url":"https:\/\/tudisenodecoracion.com\/tudecoraciontienda\/producto\/jarron-laton-obalado-31\/","name":"Jarr\u00f3n Lat\u00f3n Obalado 31\" - Tu Dise\u00f1o Decoraci\u00f3n","isPartOf":{"@id":"https:\/\/tudisenodecoracion.com\/tudecoraciontienda\/#website"},"primaryImageOfPage":{"@id":"https:\/\/tudisenodecoracion.com\/tudecoraciontienda\/producto\/jarron-laton-obalado-31\/#primaryimage"},"image":{"@id":"https:\/\/tudisenodecoracion.com\/tudecoraciontienda\/producto\/jarron-laton-obalado-31\/#primaryimage"},"thumbnailUrl":"https:\/\/tudisenodecoracion.com\/tudecoraciontienda\/wp-content\/uploads\/2024\/12\/UM-15105-1.png","datePublished":"2025-01-29T00:19:02+00:00","dateModified":"2025-12-22T17:28:30+00:00","breadcrumb":{"@id":"https:\/\/tudisenodecoracion.com\/tudecoraciontienda\/producto\/jarron-laton-obalado-31\/#breadcrumb"},"inLanguage":"es","potentialAction":[{"@type":"ReadAction","target":["https:\/\/tudisenodecoracion.com\/tudecoraciontienda\/producto\/jarron-laton-obalado-31\/"]}]},{"@type":"ImageObject","inLanguage":"es","@id":"https:\/\/tudisenodecoracion.com\/tudecoraciontienda\/producto\/jarron-laton-obalado-31\/#primaryimage","url":"https:\/\/tudisenodecoracion.com\/tudecoraciontienda\/wp-content\/uploads\/2024\/12\/UM-15105-1.png","contentUrl":"https:\/\/tudisenodecoracion.com\/tudecoraciontienda\/wp-content\/uploads\/2024\/12\/UM-15105-1.png","width":800,"height":800},{"@type":"BreadcrumbList","@id":"https:\/\/tudisenodecoracion.com\/tudecoraciontienda\/producto\/jarron-laton-obalado-31\/#breadcrumb","itemListElement":[{"@type":"ListItem","position":1,"name":"Inicio","item":"https:\/\/tudisenodecoracion.com\/tudecoraciontienda\/"},{"@type":"ListItem","position":2,"name":"Tienda","item":"https:\/\/tudisenodecoracion.com\/tudecoraciontienda\/tienda\/"},{"@type":"ListItem","position":3,"name":"Jarr\u00f3n Lat\u00f3n Obalado 31&#8243;"}]},{"@type":"WebSite","@id":"https:\/\/tudisenodecoracion.com\/tudecoraciontienda\/#website","url":"https:\/\/tudisenodecoracion.com\/tudecoraciontienda\/","name":"Tu Dise\u00f1o Decoraci\u00f3n","description":"Creamos espacios MUY T\u00da.","publisher":{"@id":"https:\/\/tudisenodecoracion.com\/tudecoraciontienda\/#organization"},"potentialAction":[{"@type":"SearchAction","target":{"@type":"EntryPoint","urlTemplate":"https:\/\/tudisenodecoracion.com\/tudecoraciontienda\/?s={search_term_string}"},"query-input":{"@type":"PropertyValueSpecification","valueRequired":true,"valueName":"search_term_string"}}],"inLanguage":"es"},{"@type":"Organization","@id":"https:\/\/tudisenodecoracion.com\/tudecoraciontienda\/#organization","name":"Tu Dise\u00f1o Decoraci\u00f3n","url":"https:\/\/tudisenodecoracion.com\/tudecoraciontienda\/","logo":{"@type":"ImageObject","inLanguage":"es","@id":"https:\/\/tudisenodecoracion.com\/tudecoraciontienda\/#\/schema\/logo\/image\/","url":"https:\/\/tudisenodecoracion.com\/tudecoraciontienda\/wp-content\/uploads\/2024\/07\/Logo_TU.color_.png","contentUrl":"https:\/\/tudisenodecoracion.com\/tudecoraciontienda\/wp-content\/uploads\/2024\/07\/Logo_TU.color_.png","width":1991,"height":1991,"caption":"Tu Dise\u00f1o Decoraci\u00f3n"},"image":{"@id":"https:\/\/tudisenodecoracion.com\/tudecoraciontienda\/#\/schema\/logo\/image\/"}}]}},"_links":{"self":[{"href":"https:\/\/tudisenodecoracion.com\/tudecoraciontienda\/wp-json\/wp\/v2\/product\/13588","targetHints":{"allow":["GET"]}}],"collection":[{"href":"https:\/\/tudisenodecoracion.com\/tudecoraciontienda\/wp-json\/wp\/v2\/product"}],"about":[{"href":"https:\/\/tudisenodecoracion.com\/tudecoraciontienda\/wp-json\/wp\/v2\/types\/product"}],"version-history":[{"count":2,"href":"https:\/\/tudisenodecoracion.com\/tudecoraciontienda\/wp-json\/wp\/v2\/product\/13588\/revisions"}],"predecessor-version":[{"id":13592,"href":"https:\/\/tudisenodecoracion.com\/tudecoraciontienda\/wp-json\/wp\/v2\/product\/13588\/revisions\/13592"}],"wp:featuredmedia":[{"embeddable":true,"href":"https:\/\/tudisenodecoracion.com\/tudecoraciontienda\/wp-json\/wp\/v2\/media\/13589"}],"wp:attachment":[{"href":"https:\/\/tudisenodecoracion.com\/tudecoraciontienda\/wp-json\/wp\/v2\/media?parent=13588"}],"wp:term":[{"taxonomy":"product_brand","embeddable":true,"href":"https:\/\/tudisenodecoracion.com\/tudecoraciontienda\/wp-json\/wp\/v2\/product_brand?post=13588"},{"taxonomy":"product_cat","embeddable":true,"href":"https:\/\/tudisenodecoracion.com\/tudecoraciontienda\/wp-json\/wp\/v2\/product_cat?post=13588"},{"taxonomy":"product_tag","embeddable":true,"href":"https:\/\/tudisenodecoracion.com\/tudecoraciontienda\/wp-json\/wp\/v2\/product_tag?post=13588"}],"curies":[{"name":"wp","href":"https:\/\/api.w.org\/{rel}","templated":true}]}}