{"id":12014,"date":"2024-07-23T14:10:33","date_gmt":"2024-07-23T21:10:33","guid":{"rendered":"https:\/\/tudisenodecoracion.com\/tudecoraciontienda\/?post_type=product&#038;p=12014"},"modified":"2026-02-17T12:34:49","modified_gmt":"2026-02-17T19:34:49","slug":"hanging-sedum-vine","status":"publish","type":"product","link":"https:\/\/tudisenodecoracion.com\/tudecoraciontienda\/producto\/hanging-sedum-vine\/","title":{"rendered":"Hanging Sedum Vine"},"content":{"rendered":"<p style=\"text-align: center;\">Impresionantemente hermosa, esta planta artificial colgante de 20&#8243; de sedum con tacto real viene sin maceta y lista para usar. Espolvoree toques m\u00e1gicos de calidez en su hogar y espacios comerciales con esta hermosa planta suculenta artificial. Donde sea que la coloque, ya sea como un delicado centro de mesa en su mesa de caf\u00e9 o como un dulce detalle en su aparador o alf\u00e9izar de la ventana o incluso en su escritorio en la oficina, esta encantadora y et\u00e9rea creaci\u00f3n iluminar\u00e1 incluso los espacios m\u00e1s aburridos. Y debido a que solo utilizamos materiales de la mejor calidad, nuestros dise\u00f1os tienen un hermoso naturalismo que perdura.<\/p>\n<p style=\"text-align: center;\"><span style=\"font-weight: 400;\">Disfruta este y m\u00e1s productos en nuestra p\u00e1gina, puedes inspirar<\/span><a href=\"https:\/\/pin.it\/1d5N3K9\"> <span style=\"font-weight: 400;\">Tu Decoraci\u00f3n con nuestro Pinterest!<\/span><\/a><\/p>\n<p style=\"text-align: center;\"><span style=\"font-weight: 400;\">Visita nuestro sitio web: <\/span><span style=\"font-weight: 400;\">\u00a0<\/span><a href=\"https:\/\/tudisenodecoracion.com\/\"><span style=\"font-weight: 400;\">tudisenodecoracion.com<\/span><\/a><\/p>\n","protected":false},"excerpt":{"rendered":"<div class=\"textproduct\">\n<ul>\n<li><i class=\"icon ion-android-checkmark-circle\"><\/i>Material: 90% Pl\u00e1stico; 10% Alambre.<\/li>\n<li><i class=\"icon ion-android-checkmark-circle\"><\/i>Color dominante: Verde.<\/li>\n<li><i class=\"icon ion-android-checkmark-circle\"><\/i>Altura: 50.8 cm.<\/li>\n<\/ul>\n<\/div>\n","protected":false},"featured_media":12015,"template":"","meta":[],"product_brand":[],"product_cat":[32,31,33],"product_tag":[661],"class_list":{"0":"post-12014","1":"product","2":"type-product","3":"status-publish","4":"has-post-thumbnail","6":"product_cat-flores-y-follaje","7":"product_cat-plantas","8":"product_cat-todo-plantas","9":"product_tag-estilo-natural","10":"entry","11":"has-media","13":"first","14":"outofstock","15":"taxable","16":"shipping-taxable","17":"purchasable","18":"product-type-simple","19":"col","20":"span_1_of_4","21":"wvn-content-center","22":"wvn-thumbs-layout-horizontal","23":"wvn-btn-normal","24":"wvn-tabs-layout-horizontal","25":"has-no-thumbnails"},"yoast_head":"<!-- This site is optimized with the Yoast SEO plugin v27.1.1 - https:\/\/yoast.com\/product\/yoast-seo-wordpress\/ -->\n<title>Hanging Sedum Vine - Tu Dise\u00f1o Decoraci\u00f3n<\/title>\n<meta name=\"robots\" content=\"index, follow, max-snippet:-1, max-image-preview:large, max-video-preview:-1\" \/>\n<link rel=\"canonical\" href=\"https:\/\/tudisenodecoracion.com\/tudecoraciontienda\/producto\/hanging-sedum-vine\/\" \/>\n<meta property=\"og:locale\" content=\"es_MX\" \/>\n<meta property=\"og:type\" content=\"article\" \/>\n<meta property=\"og:title\" content=\"Hanging Sedum Vine - Tu Dise\u00f1o Decoraci\u00f3n\" \/>\n<meta property=\"og:description\" content=\"Material: 90% Pl\u00e1stico; 10% Alambre.  Color dominante: Verde.  Altura: 50.8 cm.\" \/>\n<meta property=\"og:url\" content=\"https:\/\/tudisenodecoracion.com\/tudecoraciontienda\/producto\/hanging-sedum-vine\/\" \/>\n<meta property=\"og:site_name\" content=\"Tu Dise\u00f1o Decoraci\u00f3n\" \/>\n<meta property=\"article:modified_time\" content=\"2026-02-17T19:34:49+00:00\" \/>\n<meta property=\"og:image\" content=\"https:\/\/tudisenodecoracion.com\/tudecoraciontienda\/wp-content\/uploads\/2024\/07\/AS-CS1320-GR.png\" \/>\n\t<meta property=\"og:image:width\" content=\"800\" \/>\n\t<meta property=\"og:image:height\" content=\"800\" \/>\n\t<meta property=\"og:image:type\" content=\"image\/png\" \/>\n<meta name=\"twitter:card\" content=\"summary_large_image\" \/>\n<meta name=\"twitter:label1\" content=\"Tiempo de lectura\" \/>\n\t<meta name=\"twitter:data1\" content=\"1 minuto\" \/>\n<script type=\"application\/ld+json\" class=\"yoast-schema-graph\">{\"@context\":\"https:\/\/schema.org\",\"@graph\":[{\"@type\":\"WebPage\",\"@id\":\"https:\/\/tudisenodecoracion.com\/tudecoraciontienda\/producto\/hanging-sedum-vine\/\",\"url\":\"https:\/\/tudisenodecoracion.com\/tudecoraciontienda\/producto\/hanging-sedum-vine\/\",\"name\":\"Hanging Sedum Vine - Tu Dise\u00f1o Decoraci\u00f3n\",\"isPartOf\":{\"@id\":\"https:\/\/tudisenodecoracion.com\/tudecoraciontienda\/#website\"},\"primaryImageOfPage\":{\"@id\":\"https:\/\/tudisenodecoracion.com\/tudecoraciontienda\/producto\/hanging-sedum-vine\/#primaryimage\"},\"image\":{\"@id\":\"https:\/\/tudisenodecoracion.com\/tudecoraciontienda\/producto\/hanging-sedum-vine\/#primaryimage\"},\"thumbnailUrl\":\"https:\/\/tudisenodecoracion.com\/tudecoraciontienda\/wp-content\/uploads\/2024\/07\/AS-CS1320-GR.png\",\"datePublished\":\"2024-07-23T21:10:33+00:00\",\"dateModified\":\"2026-02-17T19:34:49+00:00\",\"breadcrumb\":{\"@id\":\"https:\/\/tudisenodecoracion.com\/tudecoraciontienda\/producto\/hanging-sedum-vine\/#breadcrumb\"},\"inLanguage\":\"es\",\"potentialAction\":[{\"@type\":\"ReadAction\",\"target\":[\"https:\/\/tudisenodecoracion.com\/tudecoraciontienda\/producto\/hanging-sedum-vine\/\"]}]},{\"@type\":\"ImageObject\",\"inLanguage\":\"es\",\"@id\":\"https:\/\/tudisenodecoracion.com\/tudecoraciontienda\/producto\/hanging-sedum-vine\/#primaryimage\",\"url\":\"https:\/\/tudisenodecoracion.com\/tudecoraciontienda\/wp-content\/uploads\/2024\/07\/AS-CS1320-GR.png\",\"contentUrl\":\"https:\/\/tudisenodecoracion.com\/tudecoraciontienda\/wp-content\/uploads\/2024\/07\/AS-CS1320-GR.png\",\"width\":800,\"height\":800},{\"@type\":\"BreadcrumbList\",\"@id\":\"https:\/\/tudisenodecoracion.com\/tudecoraciontienda\/producto\/hanging-sedum-vine\/#breadcrumb\",\"itemListElement\":[{\"@type\":\"ListItem\",\"position\":1,\"name\":\"Inicio\",\"item\":\"https:\/\/tudisenodecoracion.com\/tudecoraciontienda\/\"},{\"@type\":\"ListItem\",\"position\":2,\"name\":\"Tienda\",\"item\":\"https:\/\/tudisenodecoracion.com\/tudecoraciontienda\/tienda\/\"},{\"@type\":\"ListItem\",\"position\":3,\"name\":\"Hanging Sedum Vine\"}]},{\"@type\":\"WebSite\",\"@id\":\"https:\/\/tudisenodecoracion.com\/tudecoraciontienda\/#website\",\"url\":\"https:\/\/tudisenodecoracion.com\/tudecoraciontienda\/\",\"name\":\"Tu Dise\u00f1o Decoraci\u00f3n\",\"description\":\"Creamos espacios MUY T\u00da.\",\"publisher\":{\"@id\":\"https:\/\/tudisenodecoracion.com\/tudecoraciontienda\/#organization\"},\"potentialAction\":[{\"@type\":\"SearchAction\",\"target\":{\"@type\":\"EntryPoint\",\"urlTemplate\":\"https:\/\/tudisenodecoracion.com\/tudecoraciontienda\/?s={search_term_string}\"},\"query-input\":{\"@type\":\"PropertyValueSpecification\",\"valueRequired\":true,\"valueName\":\"search_term_string\"}}],\"inLanguage\":\"es\"},{\"@type\":\"Organization\",\"@id\":\"https:\/\/tudisenodecoracion.com\/tudecoraciontienda\/#organization\",\"name\":\"Tu Dise\u00f1o Decoraci\u00f3n\",\"url\":\"https:\/\/tudisenodecoracion.com\/tudecoraciontienda\/\",\"logo\":{\"@type\":\"ImageObject\",\"inLanguage\":\"es\",\"@id\":\"https:\/\/tudisenodecoracion.com\/tudecoraciontienda\/#\/schema\/logo\/image\/\",\"url\":\"https:\/\/tudisenodecoracion.com\/tudecoraciontienda\/wp-content\/uploads\/2024\/07\/Logo_TU.color_.png\",\"contentUrl\":\"https:\/\/tudisenodecoracion.com\/tudecoraciontienda\/wp-content\/uploads\/2024\/07\/Logo_TU.color_.png\",\"width\":1991,\"height\":1991,\"caption\":\"Tu Dise\u00f1o Decoraci\u00f3n\"},\"image\":{\"@id\":\"https:\/\/tudisenodecoracion.com\/tudecoraciontienda\/#\/schema\/logo\/image\/\"}}]}<\/script>\n<!-- \/ Yoast SEO plugin. -->","yoast_head_json":{"title":"Hanging Sedum Vine - Tu Dise\u00f1o Decoraci\u00f3n","robots":{"index":"index","follow":"follow","max-snippet":"max-snippet:-1","max-image-preview":"max-image-preview:large","max-video-preview":"max-video-preview:-1"},"canonical":"https:\/\/tudisenodecoracion.com\/tudecoraciontienda\/producto\/hanging-sedum-vine\/","og_locale":"es_MX","og_type":"article","og_title":"Hanging Sedum Vine - Tu Dise\u00f1o Decoraci\u00f3n","og_description":"Material: 90% Pl\u00e1stico; 10% Alambre.  Color dominante: Verde.  Altura: 50.8 cm.","og_url":"https:\/\/tudisenodecoracion.com\/tudecoraciontienda\/producto\/hanging-sedum-vine\/","og_site_name":"Tu Dise\u00f1o Decoraci\u00f3n","article_modified_time":"2026-02-17T19:34:49+00:00","og_image":[{"width":800,"height":800,"url":"https:\/\/tudisenodecoracion.com\/tudecoraciontienda\/wp-content\/uploads\/2024\/07\/AS-CS1320-GR.png","type":"image\/png"}],"twitter_card":"summary_large_image","twitter_misc":{"Tiempo de lectura":"1 minuto"},"schema":{"@context":"https:\/\/schema.org","@graph":[{"@type":"WebPage","@id":"https:\/\/tudisenodecoracion.com\/tudecoraciontienda\/producto\/hanging-sedum-vine\/","url":"https:\/\/tudisenodecoracion.com\/tudecoraciontienda\/producto\/hanging-sedum-vine\/","name":"Hanging Sedum Vine - Tu Dise\u00f1o Decoraci\u00f3n","isPartOf":{"@id":"https:\/\/tudisenodecoracion.com\/tudecoraciontienda\/#website"},"primaryImageOfPage":{"@id":"https:\/\/tudisenodecoracion.com\/tudecoraciontienda\/producto\/hanging-sedum-vine\/#primaryimage"},"image":{"@id":"https:\/\/tudisenodecoracion.com\/tudecoraciontienda\/producto\/hanging-sedum-vine\/#primaryimage"},"thumbnailUrl":"https:\/\/tudisenodecoracion.com\/tudecoraciontienda\/wp-content\/uploads\/2024\/07\/AS-CS1320-GR.png","datePublished":"2024-07-23T21:10:33+00:00","dateModified":"2026-02-17T19:34:49+00:00","breadcrumb":{"@id":"https:\/\/tudisenodecoracion.com\/tudecoraciontienda\/producto\/hanging-sedum-vine\/#breadcrumb"},"inLanguage":"es","potentialAction":[{"@type":"ReadAction","target":["https:\/\/tudisenodecoracion.com\/tudecoraciontienda\/producto\/hanging-sedum-vine\/"]}]},{"@type":"ImageObject","inLanguage":"es","@id":"https:\/\/tudisenodecoracion.com\/tudecoraciontienda\/producto\/hanging-sedum-vine\/#primaryimage","url":"https:\/\/tudisenodecoracion.com\/tudecoraciontienda\/wp-content\/uploads\/2024\/07\/AS-CS1320-GR.png","contentUrl":"https:\/\/tudisenodecoracion.com\/tudecoraciontienda\/wp-content\/uploads\/2024\/07\/AS-CS1320-GR.png","width":800,"height":800},{"@type":"BreadcrumbList","@id":"https:\/\/tudisenodecoracion.com\/tudecoraciontienda\/producto\/hanging-sedum-vine\/#breadcrumb","itemListElement":[{"@type":"ListItem","position":1,"name":"Inicio","item":"https:\/\/tudisenodecoracion.com\/tudecoraciontienda\/"},{"@type":"ListItem","position":2,"name":"Tienda","item":"https:\/\/tudisenodecoracion.com\/tudecoraciontienda\/tienda\/"},{"@type":"ListItem","position":3,"name":"Hanging Sedum Vine"}]},{"@type":"WebSite","@id":"https:\/\/tudisenodecoracion.com\/tudecoraciontienda\/#website","url":"https:\/\/tudisenodecoracion.com\/tudecoraciontienda\/","name":"Tu Dise\u00f1o Decoraci\u00f3n","description":"Creamos espacios MUY T\u00da.","publisher":{"@id":"https:\/\/tudisenodecoracion.com\/tudecoraciontienda\/#organization"},"potentialAction":[{"@type":"SearchAction","target":{"@type":"EntryPoint","urlTemplate":"https:\/\/tudisenodecoracion.com\/tudecoraciontienda\/?s={search_term_string}"},"query-input":{"@type":"PropertyValueSpecification","valueRequired":true,"valueName":"search_term_string"}}],"inLanguage":"es"},{"@type":"Organization","@id":"https:\/\/tudisenodecoracion.com\/tudecoraciontienda\/#organization","name":"Tu Dise\u00f1o Decoraci\u00f3n","url":"https:\/\/tudisenodecoracion.com\/tudecoraciontienda\/","logo":{"@type":"ImageObject","inLanguage":"es","@id":"https:\/\/tudisenodecoracion.com\/tudecoraciontienda\/#\/schema\/logo\/image\/","url":"https:\/\/tudisenodecoracion.com\/tudecoraciontienda\/wp-content\/uploads\/2024\/07\/Logo_TU.color_.png","contentUrl":"https:\/\/tudisenodecoracion.com\/tudecoraciontienda\/wp-content\/uploads\/2024\/07\/Logo_TU.color_.png","width":1991,"height":1991,"caption":"Tu Dise\u00f1o Decoraci\u00f3n"},"image":{"@id":"https:\/\/tudisenodecoracion.com\/tudecoraciontienda\/#\/schema\/logo\/image\/"}}]}},"_links":{"self":[{"href":"https:\/\/tudisenodecoracion.com\/tudecoraciontienda\/wp-json\/wp\/v2\/product\/12014","targetHints":{"allow":["GET"]}}],"collection":[{"href":"https:\/\/tudisenodecoracion.com\/tudecoraciontienda\/wp-json\/wp\/v2\/product"}],"about":[{"href":"https:\/\/tudisenodecoracion.com\/tudecoraciontienda\/wp-json\/wp\/v2\/types\/product"}],"version-history":[{"count":2,"href":"https:\/\/tudisenodecoracion.com\/tudecoraciontienda\/wp-json\/wp\/v2\/product\/12014\/revisions"}],"predecessor-version":[{"id":12084,"href":"https:\/\/tudisenodecoracion.com\/tudecoraciontienda\/wp-json\/wp\/v2\/product\/12014\/revisions\/12084"}],"wp:featuredmedia":[{"embeddable":true,"href":"https:\/\/tudisenodecoracion.com\/tudecoraciontienda\/wp-json\/wp\/v2\/media\/12015"}],"wp:attachment":[{"href":"https:\/\/tudisenodecoracion.com\/tudecoraciontienda\/wp-json\/wp\/v2\/media?parent=12014"}],"wp:term":[{"taxonomy":"product_brand","embeddable":true,"href":"https:\/\/tudisenodecoracion.com\/tudecoraciontienda\/wp-json\/wp\/v2\/product_brand?post=12014"},{"taxonomy":"product_cat","embeddable":true,"href":"https:\/\/tudisenodecoracion.com\/tudecoraciontienda\/wp-json\/wp\/v2\/product_cat?post=12014"},{"taxonomy":"product_tag","embeddable":true,"href":"https:\/\/tudisenodecoracion.com\/tudecoraciontienda\/wp-json\/wp\/v2\/product_tag?post=12014"}],"curies":[{"name":"wp","href":"https:\/\/api.w.org\/{rel}","templated":true}]}}