{"id":11701,"date":"2024-05-29T14:42:32","date_gmt":"2024-05-29T21:42:32","guid":{"rendered":"https:\/\/tudisenodecoracion.com\/tudecoraciontienda\/?post_type=product&#038;p=11701"},"modified":"2025-02-21T16:30:45","modified_gmt":"2025-02-21T23:30:45","slug":"vase-scottyard","status":"publish","type":"product","link":"https:\/\/tudisenodecoracion.com\/tudecoraciontienda\/producto\/vase-scottyard\/","title":{"rendered":"Vase Scottyard oliva"},"content":{"rendered":"<p style=\"text-align: center;\">Crear un refugio contempor\u00e1neo est\u00e1 en los detalles. Con este jarr\u00f3n, puedes mantener tu est\u00e9tica elevada constante desde el interior hasta el exterior. Su lujoso color verde aporta un toque de luminosidad a tus mesas y estanter\u00edas. Lleve el dise\u00f1o de tendencia un paso m\u00e1s all\u00e1 agregando detalles biof\u00edlicos como vegetaci\u00f3n y flores artificiales.<\/p>\n<p style=\"text-align: center;\"><span style=\"font-weight: 400;\">Disfruta este y m\u00e1s productos en nuestra p\u00e1gina, puedes inspirar<\/span><a href=\"https:\/\/pin.it\/1d5N3K9\"> <span style=\"font-weight: 400;\">Tu Decoraci\u00f3n con nuestro Pinterest!<\/span><\/a><\/p>\n<p style=\"text-align: center;\"><span style=\"font-weight: 400;\">Visita nuestro sitio web: <\/span><span style=\"font-weight: 400;\">\u00a0<\/span><a href=\"https:\/\/tudisenodecoracion.com\/\"><span style=\"font-weight: 400;\">tudisenodecoracion.com<\/span><\/a><\/p>\n","protected":false},"excerpt":{"rendered":"<div class=\"textproduct\">\n<ul>\n<li><i class=\"icon ion-android-checkmark-circle\"><\/i>Color: Verde oliva.<\/li>\n<li><i class=\"icon ion-android-checkmark-circle\"><\/i>Material: Vidrio Tallado<\/li>\n<li><i class=\"icon ion-android-checkmark-circle\"><\/i>Altura:\u00a0 25.4 cm.<\/li>\n<li><i class=\"icon ion-android-checkmark-circle\"><\/i>Longitud: 27.63 cm.<\/li>\n<li><i class=\"icon ion-android-checkmark-circle\"><\/i>Anchura: 27.63 cm.<\/li>\n<\/ul>\n<\/div>\n","protected":false},"featured_media":11702,"template":"","meta":[],"product_brand":[],"product_cat":[30,130,31,33],"product_tag":[624,284],"class_list":{"0":"post-11701","1":"product","2":"type-product","3":"status-publish","4":"has-post-thumbnail","6":"product_cat-accesorios","7":"product_cat-macetas-y-floreros","8":"product_cat-plantas","9":"product_cat-todo-plantas","10":"product_tag-estilo-casual","11":"product_tag-estilo-contemporaneo","12":"entry","13":"has-media","15":"first","16":"outofstock","17":"taxable","18":"shipping-taxable","19":"purchasable","20":"product-type-simple","21":"col","22":"span_1_of_4","23":"wvn-content-center","24":"wvn-thumbs-layout-horizontal","25":"wvn-btn-normal","26":"wvn-tabs-layout-horizontal"},"yoast_head":"<!-- This site is optimized with the Yoast SEO plugin v27.1.1 - https:\/\/yoast.com\/product\/yoast-seo-wordpress\/ -->\n<title>Vase Scottyard oliva - Tu Dise\u00f1o Decoraci\u00f3n<\/title>\n<meta name=\"robots\" content=\"index, follow, max-snippet:-1, max-image-preview:large, max-video-preview:-1\" \/>\n<link rel=\"canonical\" href=\"https:\/\/tudisenodecoracion.com\/tudecoraciontienda\/producto\/vase-scottyard\/\" \/>\n<meta property=\"og:locale\" content=\"es_MX\" \/>\n<meta property=\"og:type\" content=\"article\" \/>\n<meta property=\"og:title\" content=\"Vase Scottyard oliva - Tu Dise\u00f1o Decoraci\u00f3n\" \/>\n<meta property=\"og:description\" content=\"Color: Verde oliva.  Material: Vidrio Tallado  Altura:\u00a0 25.4 cm.  Longitud: 27.63 cm.  Anchura: 27.63 cm.\" \/>\n<meta property=\"og:url\" content=\"https:\/\/tudisenodecoracion.com\/tudecoraciontienda\/producto\/vase-scottyard\/\" \/>\n<meta property=\"og:site_name\" content=\"Tu Dise\u00f1o Decoraci\u00f3n\" \/>\n<meta property=\"article:modified_time\" content=\"2025-02-21T23:30:45+00:00\" \/>\n<meta property=\"og:image\" content=\"https:\/\/tudisenodecoracion.com\/tudecoraciontienda\/wp-content\/uploads\/2024\/05\/ASH-A2900007.png\" \/>\n\t<meta property=\"og:image:width\" content=\"800\" \/>\n\t<meta property=\"og:image:height\" content=\"800\" \/>\n\t<meta property=\"og:image:type\" content=\"image\/png\" \/>\n<meta name=\"twitter:card\" content=\"summary_large_image\" \/>\n<meta name=\"twitter:label1\" content=\"Tiempo de lectura\" \/>\n\t<meta name=\"twitter:data1\" content=\"1 minuto\" \/>\n<script type=\"application\/ld+json\" class=\"yoast-schema-graph\">{\"@context\":\"https:\/\/schema.org\",\"@graph\":[{\"@type\":\"WebPage\",\"@id\":\"https:\/\/tudisenodecoracion.com\/tudecoraciontienda\/producto\/vase-scottyard\/\",\"url\":\"https:\/\/tudisenodecoracion.com\/tudecoraciontienda\/producto\/vase-scottyard\/\",\"name\":\"Vase Scottyard oliva - Tu Dise\u00f1o Decoraci\u00f3n\",\"isPartOf\":{\"@id\":\"https:\/\/tudisenodecoracion.com\/tudecoraciontienda\/#website\"},\"primaryImageOfPage\":{\"@id\":\"https:\/\/tudisenodecoracion.com\/tudecoraciontienda\/producto\/vase-scottyard\/#primaryimage\"},\"image\":{\"@id\":\"https:\/\/tudisenodecoracion.com\/tudecoraciontienda\/producto\/vase-scottyard\/#primaryimage\"},\"thumbnailUrl\":\"https:\/\/tudisenodecoracion.com\/tudecoraciontienda\/wp-content\/uploads\/2024\/05\/ASH-A2900007.png\",\"datePublished\":\"2024-05-29T21:42:32+00:00\",\"dateModified\":\"2025-02-21T23:30:45+00:00\",\"breadcrumb\":{\"@id\":\"https:\/\/tudisenodecoracion.com\/tudecoraciontienda\/producto\/vase-scottyard\/#breadcrumb\"},\"inLanguage\":\"es\",\"potentialAction\":[{\"@type\":\"ReadAction\",\"target\":[\"https:\/\/tudisenodecoracion.com\/tudecoraciontienda\/producto\/vase-scottyard\/\"]}]},{\"@type\":\"ImageObject\",\"inLanguage\":\"es\",\"@id\":\"https:\/\/tudisenodecoracion.com\/tudecoraciontienda\/producto\/vase-scottyard\/#primaryimage\",\"url\":\"https:\/\/tudisenodecoracion.com\/tudecoraciontienda\/wp-content\/uploads\/2024\/05\/ASH-A2900007.png\",\"contentUrl\":\"https:\/\/tudisenodecoracion.com\/tudecoraciontienda\/wp-content\/uploads\/2024\/05\/ASH-A2900007.png\",\"width\":800,\"height\":800,\"caption\":\"Ashley-Scottyard-Jarr\u00f3n\"},{\"@type\":\"BreadcrumbList\",\"@id\":\"https:\/\/tudisenodecoracion.com\/tudecoraciontienda\/producto\/vase-scottyard\/#breadcrumb\",\"itemListElement\":[{\"@type\":\"ListItem\",\"position\":1,\"name\":\"Inicio\",\"item\":\"https:\/\/tudisenodecoracion.com\/tudecoraciontienda\/\"},{\"@type\":\"ListItem\",\"position\":2,\"name\":\"Tienda\",\"item\":\"https:\/\/tudisenodecoracion.com\/tudecoraciontienda\/tienda\/\"},{\"@type\":\"ListItem\",\"position\":3,\"name\":\"Vase Scottyard oliva\"}]},{\"@type\":\"WebSite\",\"@id\":\"https:\/\/tudisenodecoracion.com\/tudecoraciontienda\/#website\",\"url\":\"https:\/\/tudisenodecoracion.com\/tudecoraciontienda\/\",\"name\":\"Tu Dise\u00f1o Decoraci\u00f3n\",\"description\":\"Creamos espacios MUY T\u00da.\",\"publisher\":{\"@id\":\"https:\/\/tudisenodecoracion.com\/tudecoraciontienda\/#organization\"},\"potentialAction\":[{\"@type\":\"SearchAction\",\"target\":{\"@type\":\"EntryPoint\",\"urlTemplate\":\"https:\/\/tudisenodecoracion.com\/tudecoraciontienda\/?s={search_term_string}\"},\"query-input\":{\"@type\":\"PropertyValueSpecification\",\"valueRequired\":true,\"valueName\":\"search_term_string\"}}],\"inLanguage\":\"es\"},{\"@type\":\"Organization\",\"@id\":\"https:\/\/tudisenodecoracion.com\/tudecoraciontienda\/#organization\",\"name\":\"Tu Dise\u00f1o Decoraci\u00f3n\",\"url\":\"https:\/\/tudisenodecoracion.com\/tudecoraciontienda\/\",\"logo\":{\"@type\":\"ImageObject\",\"inLanguage\":\"es\",\"@id\":\"https:\/\/tudisenodecoracion.com\/tudecoraciontienda\/#\/schema\/logo\/image\/\",\"url\":\"https:\/\/tudisenodecoracion.com\/tudecoraciontienda\/wp-content\/uploads\/2024\/07\/Logo_TU.color_.png\",\"contentUrl\":\"https:\/\/tudisenodecoracion.com\/tudecoraciontienda\/wp-content\/uploads\/2024\/07\/Logo_TU.color_.png\",\"width\":1991,\"height\":1991,\"caption\":\"Tu Dise\u00f1o Decoraci\u00f3n\"},\"image\":{\"@id\":\"https:\/\/tudisenodecoracion.com\/tudecoraciontienda\/#\/schema\/logo\/image\/\"}}]}<\/script>\n<!-- \/ Yoast SEO plugin. -->","yoast_head_json":{"title":"Vase Scottyard oliva - Tu Dise\u00f1o Decoraci\u00f3n","robots":{"index":"index","follow":"follow","max-snippet":"max-snippet:-1","max-image-preview":"max-image-preview:large","max-video-preview":"max-video-preview:-1"},"canonical":"https:\/\/tudisenodecoracion.com\/tudecoraciontienda\/producto\/vase-scottyard\/","og_locale":"es_MX","og_type":"article","og_title":"Vase Scottyard oliva - Tu Dise\u00f1o Decoraci\u00f3n","og_description":"Color: Verde oliva.  Material: Vidrio Tallado  Altura:\u00a0 25.4 cm.  Longitud: 27.63 cm.  Anchura: 27.63 cm.","og_url":"https:\/\/tudisenodecoracion.com\/tudecoraciontienda\/producto\/vase-scottyard\/","og_site_name":"Tu Dise\u00f1o Decoraci\u00f3n","article_modified_time":"2025-02-21T23:30:45+00:00","og_image":[{"width":800,"height":800,"url":"https:\/\/tudisenodecoracion.com\/tudecoraciontienda\/wp-content\/uploads\/2024\/05\/ASH-A2900007.png","type":"image\/png"}],"twitter_card":"summary_large_image","twitter_misc":{"Tiempo de lectura":"1 minuto"},"schema":{"@context":"https:\/\/schema.org","@graph":[{"@type":"WebPage","@id":"https:\/\/tudisenodecoracion.com\/tudecoraciontienda\/producto\/vase-scottyard\/","url":"https:\/\/tudisenodecoracion.com\/tudecoraciontienda\/producto\/vase-scottyard\/","name":"Vase Scottyard oliva - Tu Dise\u00f1o Decoraci\u00f3n","isPartOf":{"@id":"https:\/\/tudisenodecoracion.com\/tudecoraciontienda\/#website"},"primaryImageOfPage":{"@id":"https:\/\/tudisenodecoracion.com\/tudecoraciontienda\/producto\/vase-scottyard\/#primaryimage"},"image":{"@id":"https:\/\/tudisenodecoracion.com\/tudecoraciontienda\/producto\/vase-scottyard\/#primaryimage"},"thumbnailUrl":"https:\/\/tudisenodecoracion.com\/tudecoraciontienda\/wp-content\/uploads\/2024\/05\/ASH-A2900007.png","datePublished":"2024-05-29T21:42:32+00:00","dateModified":"2025-02-21T23:30:45+00:00","breadcrumb":{"@id":"https:\/\/tudisenodecoracion.com\/tudecoraciontienda\/producto\/vase-scottyard\/#breadcrumb"},"inLanguage":"es","potentialAction":[{"@type":"ReadAction","target":["https:\/\/tudisenodecoracion.com\/tudecoraciontienda\/producto\/vase-scottyard\/"]}]},{"@type":"ImageObject","inLanguage":"es","@id":"https:\/\/tudisenodecoracion.com\/tudecoraciontienda\/producto\/vase-scottyard\/#primaryimage","url":"https:\/\/tudisenodecoracion.com\/tudecoraciontienda\/wp-content\/uploads\/2024\/05\/ASH-A2900007.png","contentUrl":"https:\/\/tudisenodecoracion.com\/tudecoraciontienda\/wp-content\/uploads\/2024\/05\/ASH-A2900007.png","width":800,"height":800,"caption":"Ashley-Scottyard-Jarr\u00f3n"},{"@type":"BreadcrumbList","@id":"https:\/\/tudisenodecoracion.com\/tudecoraciontienda\/producto\/vase-scottyard\/#breadcrumb","itemListElement":[{"@type":"ListItem","position":1,"name":"Inicio","item":"https:\/\/tudisenodecoracion.com\/tudecoraciontienda\/"},{"@type":"ListItem","position":2,"name":"Tienda","item":"https:\/\/tudisenodecoracion.com\/tudecoraciontienda\/tienda\/"},{"@type":"ListItem","position":3,"name":"Vase Scottyard oliva"}]},{"@type":"WebSite","@id":"https:\/\/tudisenodecoracion.com\/tudecoraciontienda\/#website","url":"https:\/\/tudisenodecoracion.com\/tudecoraciontienda\/","name":"Tu Dise\u00f1o Decoraci\u00f3n","description":"Creamos espacios MUY T\u00da.","publisher":{"@id":"https:\/\/tudisenodecoracion.com\/tudecoraciontienda\/#organization"},"potentialAction":[{"@type":"SearchAction","target":{"@type":"EntryPoint","urlTemplate":"https:\/\/tudisenodecoracion.com\/tudecoraciontienda\/?s={search_term_string}"},"query-input":{"@type":"PropertyValueSpecification","valueRequired":true,"valueName":"search_term_string"}}],"inLanguage":"es"},{"@type":"Organization","@id":"https:\/\/tudisenodecoracion.com\/tudecoraciontienda\/#organization","name":"Tu Dise\u00f1o Decoraci\u00f3n","url":"https:\/\/tudisenodecoracion.com\/tudecoraciontienda\/","logo":{"@type":"ImageObject","inLanguage":"es","@id":"https:\/\/tudisenodecoracion.com\/tudecoraciontienda\/#\/schema\/logo\/image\/","url":"https:\/\/tudisenodecoracion.com\/tudecoraciontienda\/wp-content\/uploads\/2024\/07\/Logo_TU.color_.png","contentUrl":"https:\/\/tudisenodecoracion.com\/tudecoraciontienda\/wp-content\/uploads\/2024\/07\/Logo_TU.color_.png","width":1991,"height":1991,"caption":"Tu Dise\u00f1o Decoraci\u00f3n"},"image":{"@id":"https:\/\/tudisenodecoracion.com\/tudecoraciontienda\/#\/schema\/logo\/image\/"}}]}},"_links":{"self":[{"href":"https:\/\/tudisenodecoracion.com\/tudecoraciontienda\/wp-json\/wp\/v2\/product\/11701","targetHints":{"allow":["GET"]}}],"collection":[{"href":"https:\/\/tudisenodecoracion.com\/tudecoraciontienda\/wp-json\/wp\/v2\/product"}],"about":[{"href":"https:\/\/tudisenodecoracion.com\/tudecoraciontienda\/wp-json\/wp\/v2\/types\/product"}],"version-history":[{"count":4,"href":"https:\/\/tudisenodecoracion.com\/tudecoraciontienda\/wp-json\/wp\/v2\/product\/11701\/revisions"}],"predecessor-version":[{"id":12661,"href":"https:\/\/tudisenodecoracion.com\/tudecoraciontienda\/wp-json\/wp\/v2\/product\/11701\/revisions\/12661"}],"wp:featuredmedia":[{"embeddable":true,"href":"https:\/\/tudisenodecoracion.com\/tudecoraciontienda\/wp-json\/wp\/v2\/media\/11702"}],"wp:attachment":[{"href":"https:\/\/tudisenodecoracion.com\/tudecoraciontienda\/wp-json\/wp\/v2\/media?parent=11701"}],"wp:term":[{"taxonomy":"product_brand","embeddable":true,"href":"https:\/\/tudisenodecoracion.com\/tudecoraciontienda\/wp-json\/wp\/v2\/product_brand?post=11701"},{"taxonomy":"product_cat","embeddable":true,"href":"https:\/\/tudisenodecoracion.com\/tudecoraciontienda\/wp-json\/wp\/v2\/product_cat?post=11701"},{"taxonomy":"product_tag","embeddable":true,"href":"https:\/\/tudisenodecoracion.com\/tudecoraciontienda\/wp-json\/wp\/v2\/product_tag?post=11701"}],"curies":[{"name":"wp","href":"https:\/\/api.w.org\/{rel}","templated":true}]}}