{"id":11436,"date":"2024-05-29T16:31:16","date_gmt":"2024-05-29T23:31:16","guid":{"rendered":"https:\/\/tudisenodecoracion.com\/tudecoraciontienda\/?post_type=product&#038;p=11436"},"modified":"2025-02-21T16:23:35","modified_gmt":"2025-02-21T23:23:35","slug":"espejo-con-cuentas-de-madera","status":"publish","type":"product","link":"https:\/\/tudisenodecoracion.com\/tudecoraciontienda\/producto\/espejo-con-cuentas-de-madera\/","title":{"rendered":"Espejo con cuentas de madera"},"content":{"rendered":"<p style=\"text-align: center;\">Adem\u00e1s de decorar su hogar, el prop\u00f3sito de este espejo de pared es hacer rebotar la luz exterior en una habitaci\u00f3n peque\u00f1a para que parezca m\u00e1s grande. Combine este espejo de pared decorativo con plantas de interior u otras piezas decorativas de pared para combinar todo a la perfecci\u00f3n. Decora este espejo de pared bohemio en espacios oscuros de tu hogar para aportar algo de luz y comb\u00ednalo con asientos tapizados de colores suaves.<\/p>\n<p style=\"text-align: center;\"><span style=\"font-weight: 400;\">Disfruta este y m\u00e1s productos en nuestra p\u00e1gina, puedes inspirar<\/span><a href=\"https:\/\/pin.it\/1d5N3K9\"> <span style=\"font-weight: 400;\">Tu Decoraci\u00f3n con nuestro Pinterest!<\/span><\/a><\/p>\n<p style=\"text-align: center;\"><span style=\"font-weight: 400;\">Visita nuestro sitio web: <\/span><span style=\"font-weight: 400;\">\u00a0<\/span><a href=\"https:\/\/tudisenodecoracion.com\/\"><span style=\"font-weight: 400;\">tudisenodecoracion.com<\/span><\/a><\/p>\n","protected":false},"excerpt":{"rendered":"<div class=\"textproduct\">\n<ul>\n<li><i class=\"icon ion-android-checkmark-circle\"><\/i>\u200eEspejo de pared redondo de gran tama\u00f1o con un panel de vidrio reflectante y un marco marr\u00f3n encalado adornado con encantadores detalles de cuentas.<\/li>\n<li><i class=\"icon ion-android-checkmark-circle\"><\/i>Color: Marr\u00f3n con un ligero blanqueamiento.<\/li>\n<li><i class=\"icon ion-android-checkmark-circle\"><\/i>Altura:\u00a071.12 cm.<\/li>\n<li><i class=\"icon ion-android-checkmark-circle\"><\/i>Longitud: 71.12 cm.<\/li>\n<li><i class=\"icon ion-android-checkmark-circle\"><\/i>Anchura: 5.08 cm.<\/li>\n<\/ul>\n<\/div>\n","protected":false},"featured_media":11437,"template":"","meta":[],"product_brand":[],"product_cat":[30,48,49,50],"product_tag":[144],"class_list":{"0":"post-11436","1":"product","2":"type-product","3":"status-publish","4":"has-post-thumbnail","6":"product_cat-accesorios","7":"product_cat-accesorios-de-pared","8":"product_cat-espejos","9":"product_cat-todo-pared","10":"product_tag-estilo-bohemio","11":"entry","12":"has-media","14":"first","15":"outofstock","16":"taxable","17":"shipping-taxable","18":"purchasable","19":"product-type-simple","20":"col","21":"span_1_of_4","22":"wvn-content-center","23":"wvn-thumbs-layout-horizontal","24":"wvn-btn-normal","25":"wvn-tabs-layout-horizontal"},"yoast_head":"<!-- This site is optimized with the Yoast SEO plugin v27.1.1 - https:\/\/yoast.com\/product\/yoast-seo-wordpress\/ -->\n<title>Espejo con cuentas de madera - Tu Dise\u00f1o Decoraci\u00f3n<\/title>\n<meta name=\"robots\" content=\"index, follow, max-snippet:-1, max-image-preview:large, max-video-preview:-1\" \/>\n<link rel=\"canonical\" href=\"https:\/\/tudisenodecoracion.com\/tudecoraciontienda\/producto\/espejo-con-cuentas-de-madera\/\" \/>\n<meta property=\"og:locale\" content=\"es_MX\" \/>\n<meta property=\"og:type\" content=\"article\" \/>\n<meta property=\"og:title\" content=\"Espejo con cuentas de madera - Tu Dise\u00f1o Decoraci\u00f3n\" \/>\n<meta property=\"og:description\" content=\"\u200eEspejo de pared redondo de gran tama\u00f1o con un panel de vidrio reflectante y un marco marr\u00f3n encalado adornado con encantadores detalles de cuentas.  Color: Marr\u00f3n con un ligero blanqueamiento.  Altura:\u00a071.12 cm.  Longitud: 71.12 cm.  Anchura: 5.08 cm.\" \/>\n<meta property=\"og:url\" content=\"https:\/\/tudisenodecoracion.com\/tudecoraciontienda\/producto\/espejo-con-cuentas-de-madera\/\" \/>\n<meta property=\"og:site_name\" content=\"Tu Dise\u00f1o Decoraci\u00f3n\" \/>\n<meta property=\"article:modified_time\" content=\"2025-02-21T23:23:35+00:00\" \/>\n<meta property=\"og:image\" content=\"https:\/\/tudisenodecoracion.com\/tudecoraciontienda\/wp-content\/uploads\/2024\/05\/UM-19158.png\" \/>\n\t<meta property=\"og:image:width\" content=\"800\" \/>\n\t<meta property=\"og:image:height\" content=\"800\" \/>\n\t<meta property=\"og:image:type\" content=\"image\/png\" \/>\n<meta name=\"twitter:card\" content=\"summary_large_image\" \/>\n<meta name=\"twitter:label1\" content=\"Tiempo de lectura\" \/>\n\t<meta name=\"twitter:data1\" content=\"1 minuto\" \/>\n<script type=\"application\/ld+json\" class=\"yoast-schema-graph\">{\"@context\":\"https:\/\/schema.org\",\"@graph\":[{\"@type\":\"WebPage\",\"@id\":\"https:\/\/tudisenodecoracion.com\/tudecoraciontienda\/producto\/espejo-con-cuentas-de-madera\/\",\"url\":\"https:\/\/tudisenodecoracion.com\/tudecoraciontienda\/producto\/espejo-con-cuentas-de-madera\/\",\"name\":\"Espejo con cuentas de madera - Tu Dise\u00f1o Decoraci\u00f3n\",\"isPartOf\":{\"@id\":\"https:\/\/tudisenodecoracion.com\/tudecoraciontienda\/#website\"},\"primaryImageOfPage\":{\"@id\":\"https:\/\/tudisenodecoracion.com\/tudecoraciontienda\/producto\/espejo-con-cuentas-de-madera\/#primaryimage\"},\"image\":{\"@id\":\"https:\/\/tudisenodecoracion.com\/tudecoraciontienda\/producto\/espejo-con-cuentas-de-madera\/#primaryimage\"},\"thumbnailUrl\":\"https:\/\/tudisenodecoracion.com\/tudecoraciontienda\/wp-content\/uploads\/2024\/05\/UM-19158.png\",\"datePublished\":\"2024-05-29T23:31:16+00:00\",\"dateModified\":\"2025-02-21T23:23:35+00:00\",\"breadcrumb\":{\"@id\":\"https:\/\/tudisenodecoracion.com\/tudecoraciontienda\/producto\/espejo-con-cuentas-de-madera\/#breadcrumb\"},\"inLanguage\":\"es\",\"potentialAction\":[{\"@type\":\"ReadAction\",\"target\":[\"https:\/\/tudisenodecoracion.com\/tudecoraciontienda\/producto\/espejo-con-cuentas-de-madera\/\"]}]},{\"@type\":\"ImageObject\",\"inLanguage\":\"es\",\"@id\":\"https:\/\/tudisenodecoracion.com\/tudecoraciontienda\/producto\/espejo-con-cuentas-de-madera\/#primaryimage\",\"url\":\"https:\/\/tudisenodecoracion.com\/tudecoraciontienda\/wp-content\/uploads\/2024\/05\/UM-19158.png\",\"contentUrl\":\"https:\/\/tudisenodecoracion.com\/tudecoraciontienda\/wp-content\/uploads\/2024\/05\/UM-19158.png\",\"width\":800,\"height\":800,\"caption\":\"Espejo-madera-detalles-cuentas\"},{\"@type\":\"BreadcrumbList\",\"@id\":\"https:\/\/tudisenodecoracion.com\/tudecoraciontienda\/producto\/espejo-con-cuentas-de-madera\/#breadcrumb\",\"itemListElement\":[{\"@type\":\"ListItem\",\"position\":1,\"name\":\"Inicio\",\"item\":\"https:\/\/tudisenodecoracion.com\/tudecoraciontienda\/\"},{\"@type\":\"ListItem\",\"position\":2,\"name\":\"Tienda\",\"item\":\"https:\/\/tudisenodecoracion.com\/tudecoraciontienda\/tienda\/\"},{\"@type\":\"ListItem\",\"position\":3,\"name\":\"Espejo con cuentas de madera\"}]},{\"@type\":\"WebSite\",\"@id\":\"https:\/\/tudisenodecoracion.com\/tudecoraciontienda\/#website\",\"url\":\"https:\/\/tudisenodecoracion.com\/tudecoraciontienda\/\",\"name\":\"Tu Dise\u00f1o Decoraci\u00f3n\",\"description\":\"Creamos espacios MUY T\u00da.\",\"publisher\":{\"@id\":\"https:\/\/tudisenodecoracion.com\/tudecoraciontienda\/#organization\"},\"potentialAction\":[{\"@type\":\"SearchAction\",\"target\":{\"@type\":\"EntryPoint\",\"urlTemplate\":\"https:\/\/tudisenodecoracion.com\/tudecoraciontienda\/?s={search_term_string}\"},\"query-input\":{\"@type\":\"PropertyValueSpecification\",\"valueRequired\":true,\"valueName\":\"search_term_string\"}}],\"inLanguage\":\"es\"},{\"@type\":\"Organization\",\"@id\":\"https:\/\/tudisenodecoracion.com\/tudecoraciontienda\/#organization\",\"name\":\"Tu Dise\u00f1o Decoraci\u00f3n\",\"url\":\"https:\/\/tudisenodecoracion.com\/tudecoraciontienda\/\",\"logo\":{\"@type\":\"ImageObject\",\"inLanguage\":\"es\",\"@id\":\"https:\/\/tudisenodecoracion.com\/tudecoraciontienda\/#\/schema\/logo\/image\/\",\"url\":\"https:\/\/tudisenodecoracion.com\/tudecoraciontienda\/wp-content\/uploads\/2024\/07\/Logo_TU.color_.png\",\"contentUrl\":\"https:\/\/tudisenodecoracion.com\/tudecoraciontienda\/wp-content\/uploads\/2024\/07\/Logo_TU.color_.png\",\"width\":1991,\"height\":1991,\"caption\":\"Tu Dise\u00f1o Decoraci\u00f3n\"},\"image\":{\"@id\":\"https:\/\/tudisenodecoracion.com\/tudecoraciontienda\/#\/schema\/logo\/image\/\"}}]}<\/script>\n<!-- \/ Yoast SEO plugin. -->","yoast_head_json":{"title":"Espejo con cuentas de madera - Tu Dise\u00f1o Decoraci\u00f3n","robots":{"index":"index","follow":"follow","max-snippet":"max-snippet:-1","max-image-preview":"max-image-preview:large","max-video-preview":"max-video-preview:-1"},"canonical":"https:\/\/tudisenodecoracion.com\/tudecoraciontienda\/producto\/espejo-con-cuentas-de-madera\/","og_locale":"es_MX","og_type":"article","og_title":"Espejo con cuentas de madera - Tu Dise\u00f1o Decoraci\u00f3n","og_description":"\u200eEspejo de pared redondo de gran tama\u00f1o con un panel de vidrio reflectante y un marco marr\u00f3n encalado adornado con encantadores detalles de cuentas.  Color: Marr\u00f3n con un ligero blanqueamiento.  Altura:\u00a071.12 cm.  Longitud: 71.12 cm.  Anchura: 5.08 cm.","og_url":"https:\/\/tudisenodecoracion.com\/tudecoraciontienda\/producto\/espejo-con-cuentas-de-madera\/","og_site_name":"Tu Dise\u00f1o Decoraci\u00f3n","article_modified_time":"2025-02-21T23:23:35+00:00","og_image":[{"width":800,"height":800,"url":"https:\/\/tudisenodecoracion.com\/tudecoraciontienda\/wp-content\/uploads\/2024\/05\/UM-19158.png","type":"image\/png"}],"twitter_card":"summary_large_image","twitter_misc":{"Tiempo de lectura":"1 minuto"},"schema":{"@context":"https:\/\/schema.org","@graph":[{"@type":"WebPage","@id":"https:\/\/tudisenodecoracion.com\/tudecoraciontienda\/producto\/espejo-con-cuentas-de-madera\/","url":"https:\/\/tudisenodecoracion.com\/tudecoraciontienda\/producto\/espejo-con-cuentas-de-madera\/","name":"Espejo con cuentas de madera - Tu Dise\u00f1o Decoraci\u00f3n","isPartOf":{"@id":"https:\/\/tudisenodecoracion.com\/tudecoraciontienda\/#website"},"primaryImageOfPage":{"@id":"https:\/\/tudisenodecoracion.com\/tudecoraciontienda\/producto\/espejo-con-cuentas-de-madera\/#primaryimage"},"image":{"@id":"https:\/\/tudisenodecoracion.com\/tudecoraciontienda\/producto\/espejo-con-cuentas-de-madera\/#primaryimage"},"thumbnailUrl":"https:\/\/tudisenodecoracion.com\/tudecoraciontienda\/wp-content\/uploads\/2024\/05\/UM-19158.png","datePublished":"2024-05-29T23:31:16+00:00","dateModified":"2025-02-21T23:23:35+00:00","breadcrumb":{"@id":"https:\/\/tudisenodecoracion.com\/tudecoraciontienda\/producto\/espejo-con-cuentas-de-madera\/#breadcrumb"},"inLanguage":"es","potentialAction":[{"@type":"ReadAction","target":["https:\/\/tudisenodecoracion.com\/tudecoraciontienda\/producto\/espejo-con-cuentas-de-madera\/"]}]},{"@type":"ImageObject","inLanguage":"es","@id":"https:\/\/tudisenodecoracion.com\/tudecoraciontienda\/producto\/espejo-con-cuentas-de-madera\/#primaryimage","url":"https:\/\/tudisenodecoracion.com\/tudecoraciontienda\/wp-content\/uploads\/2024\/05\/UM-19158.png","contentUrl":"https:\/\/tudisenodecoracion.com\/tudecoraciontienda\/wp-content\/uploads\/2024\/05\/UM-19158.png","width":800,"height":800,"caption":"Espejo-madera-detalles-cuentas"},{"@type":"BreadcrumbList","@id":"https:\/\/tudisenodecoracion.com\/tudecoraciontienda\/producto\/espejo-con-cuentas-de-madera\/#breadcrumb","itemListElement":[{"@type":"ListItem","position":1,"name":"Inicio","item":"https:\/\/tudisenodecoracion.com\/tudecoraciontienda\/"},{"@type":"ListItem","position":2,"name":"Tienda","item":"https:\/\/tudisenodecoracion.com\/tudecoraciontienda\/tienda\/"},{"@type":"ListItem","position":3,"name":"Espejo con cuentas de madera"}]},{"@type":"WebSite","@id":"https:\/\/tudisenodecoracion.com\/tudecoraciontienda\/#website","url":"https:\/\/tudisenodecoracion.com\/tudecoraciontienda\/","name":"Tu Dise\u00f1o Decoraci\u00f3n","description":"Creamos espacios MUY T\u00da.","publisher":{"@id":"https:\/\/tudisenodecoracion.com\/tudecoraciontienda\/#organization"},"potentialAction":[{"@type":"SearchAction","target":{"@type":"EntryPoint","urlTemplate":"https:\/\/tudisenodecoracion.com\/tudecoraciontienda\/?s={search_term_string}"},"query-input":{"@type":"PropertyValueSpecification","valueRequired":true,"valueName":"search_term_string"}}],"inLanguage":"es"},{"@type":"Organization","@id":"https:\/\/tudisenodecoracion.com\/tudecoraciontienda\/#organization","name":"Tu Dise\u00f1o Decoraci\u00f3n","url":"https:\/\/tudisenodecoracion.com\/tudecoraciontienda\/","logo":{"@type":"ImageObject","inLanguage":"es","@id":"https:\/\/tudisenodecoracion.com\/tudecoraciontienda\/#\/schema\/logo\/image\/","url":"https:\/\/tudisenodecoracion.com\/tudecoraciontienda\/wp-content\/uploads\/2024\/07\/Logo_TU.color_.png","contentUrl":"https:\/\/tudisenodecoracion.com\/tudecoraciontienda\/wp-content\/uploads\/2024\/07\/Logo_TU.color_.png","width":1991,"height":1991,"caption":"Tu Dise\u00f1o Decoraci\u00f3n"},"image":{"@id":"https:\/\/tudisenodecoracion.com\/tudecoraciontienda\/#\/schema\/logo\/image\/"}}]}},"_links":{"self":[{"href":"https:\/\/tudisenodecoracion.com\/tudecoraciontienda\/wp-json\/wp\/v2\/product\/11436","targetHints":{"allow":["GET"]}}],"collection":[{"href":"https:\/\/tudisenodecoracion.com\/tudecoraciontienda\/wp-json\/wp\/v2\/product"}],"about":[{"href":"https:\/\/tudisenodecoracion.com\/tudecoraciontienda\/wp-json\/wp\/v2\/types\/product"}],"version-history":[{"count":3,"href":"https:\/\/tudisenodecoracion.com\/tudecoraciontienda\/wp-json\/wp\/v2\/product\/11436\/revisions"}],"predecessor-version":[{"id":13041,"href":"https:\/\/tudisenodecoracion.com\/tudecoraciontienda\/wp-json\/wp\/v2\/product\/11436\/revisions\/13041"}],"wp:featuredmedia":[{"embeddable":true,"href":"https:\/\/tudisenodecoracion.com\/tudecoraciontienda\/wp-json\/wp\/v2\/media\/11437"}],"wp:attachment":[{"href":"https:\/\/tudisenodecoracion.com\/tudecoraciontienda\/wp-json\/wp\/v2\/media?parent=11436"}],"wp:term":[{"taxonomy":"product_brand","embeddable":true,"href":"https:\/\/tudisenodecoracion.com\/tudecoraciontienda\/wp-json\/wp\/v2\/product_brand?post=11436"},{"taxonomy":"product_cat","embeddable":true,"href":"https:\/\/tudisenodecoracion.com\/tudecoraciontienda\/wp-json\/wp\/v2\/product_cat?post=11436"},{"taxonomy":"product_tag","embeddable":true,"href":"https:\/\/tudisenodecoracion.com\/tudecoraciontienda\/wp-json\/wp\/v2\/product_tag?post=11436"}],"curies":[{"name":"wp","href":"https:\/\/api.w.org\/{rel}","templated":true}]}}